{"id":8272,"date":"2018-05-18T12:00:22","date_gmt":"2018-05-18T12:00:22","guid":{"rendered":"http:\/\/www.decintivillalon.com\/?page_id=8272"},"modified":"2018-11-13T09:38:35","modified_gmt":"2018-11-13T09:38:35","slug":"politica-de-privacidad","status":"publish","type":"page","link":"https:\/\/www.decintivillalon.com\/en\/politica-de-privacidad\/","title":{"rendered":"Privacy Policy"},"content":{"rendered":"<p class=\"qtranxs-available-languages-message qtranxs-available-languages-message-en\">Sorry, this entry is only available in <a href=\"https:\/\/www.decintivillalon.com\/es\/wp-json\/wp\/v2\/pages\/8272\" class=\"qtranxs-available-language-link qtranxs-available-language-link-es\" title=\"Espa\u00f1ol\">Espa\u00f1ol<\/a>. For the sake of viewer convenience, the content is shown below in the alternative language. You may click the link to switch the active language.<\/p>La presente Pol\u00edtica de Privacidad establece los t\u00e9rminos en que DeCinti &amp; Villal\u00f3n S.L. usa y protege la informaci\u00f3n que es proporcionada por sus usuarios al momento de utilizar su sitio web. Esta compa\u00f1\u00eda est\u00e1 comprometida con la seguridad de los datos de sus usuarios. Cuando le pedimos llenar los campos de informaci\u00f3n personal con la cual usted pueda ser identificado, lo hacemos asegurando que s\u00f3lo se emplear\u00e1 de acuerdo con los t\u00e9rminos de este documento. Sin embargo esta Pol\u00edtica de Privacidad puede cambiar con el tiempo o ser actualizada por lo que le recomendamos y enfatizamos revisar continuamente esta p\u00e1gina para asegurarse que est\u00e1 de acuerdo con dichos cambios.<\/p>\n<h3>Informaci\u00f3n que es recogida<\/h3>\n<p>Nuestro sitio web podr\u00e1 recoger informaci\u00f3n personal por ejemplo: Nombre, informaci\u00f3n de contacto como su direcci\u00f3n de correo electr\u00f3nica e informaci\u00f3n demogr\u00e1fica. As\u00ed mismo cuando sea necesario podr\u00e1 ser requerida informaci\u00f3n espec\u00edfica para procesar alg\u00fan pedido o realizar una entrega o facturaci\u00f3n.<\/p>\n<h3>Uso de la informaci\u00f3n recogida<\/h3>\n<p>Nuestro sitio web emplea la informaci\u00f3n con el fin de proporcionar el mejor servicio posible, particularmente para mantener un registro de usuarios, de pedidos en caso que aplique, y mejorar nuestros productos y servicios. Es posible que sean enviados correos electr\u00f3nicos peri\u00f3dicamente a trav\u00e9s de nuestro sitio con ofertas especiales, nuevos productos y otra informaci\u00f3n publicitaria que consideremos relevante para usted o que pueda brindarle alg\u00fan beneficio, estos correos electr\u00f3nicos ser\u00e1n enviados a la direcci\u00f3n que usted proporcione y podr\u00e1n ser cancelados en cualquier momento.<\/p>\n<p>DeCinti &amp; Villal\u00f3n S.L. est\u00e1 altamente comprometido para cumplir con el compromiso de mantener su informaci\u00f3n segura. Usamos los sistemas m\u00e1s avanzados y los actualizamos constantemente para asegurarnos que no exista ning\u00fan acceso no autorizado.<\/p>\n<h3>Cookies<\/h3>\n<p>Una cookie se refiere a un fichero que es enviado con la finalidad de solicitar permiso para almacenarse en su ordenador, al aceptar dicho fichero se crea y la cookie sirve entonces para tener informaci\u00f3n respecto al tr\u00e1fico web, y tambi\u00e9n facilita las futuras visitas a una web recurrente. Otra funci\u00f3n que tienen las cookies es que con ellas las web pueden reconocerte individualmente y por tanto brindarte el mejor servicio personalizado de su web.<\/p>\n<p>Nuestro sitio web emplea las cookies para poder identificar las p\u00e1ginas que son visitadas y su frecuencia. Esta informaci\u00f3n es empleada \u00fanicamente para an\u00e1lisis estad\u00edstico y despu\u00e9s la informaci\u00f3n se elimina de forma permanente. Usted puede eliminar las cookies en cualquier momento desde su ordenador. Sin embargo las cookies ayudan a proporcionar un mejor servicio de los sitios web, est\u00e1s no dan acceso a informaci\u00f3n de su ordenador ni de usted, a menos de que usted as\u00ed lo quiera y la proporcione directamente, visitas a una web . Usted puede aceptar o negar el uso de cookies, sin embargo la mayor\u00eda de navegadores aceptan cookies autom\u00e1ticamente pues sirve para tener un mejor servicio web. Tambi\u00e9n usted puede cambiar la configuraci\u00f3n de su ordenador para declinar las cookies. Si se declinan es posible que no pueda utilizar algunos de nuestros servicios.<\/p>\n<h3>Enlaces a Terceros<\/h3>\n<p>Este sitio web pudiera contener en laces a otros sitios que pudieran ser de su inter\u00e9s. Una vez que usted de clic en estos enlaces y abandone nuestra p\u00e1gina, ya no tenemos control sobre al sitio al que es redirigido y por lo tanto no somos responsables de los t\u00e9rminos o privacidad ni de la protecci\u00f3n de sus datos en esos otros sitios terceros. Dichos sitios est\u00e1n sujetos a sus propias pol\u00edticas de privacidad por lo cual es recomendable que los consulte para confirmar que usted est\u00e1 de acuerdo con estas.<\/p>\n<h3>Control de su informaci\u00f3n personal<\/h3>\n<p>En cualquier momento usted puede restringir la recopilaci\u00f3n o el uso de la informaci\u00f3n personal que es proporcionada a nuestro sitio web. Cada vez que se le solicite rellenar un formulario, como el de alta de usuario, puede marcar o desmarcar la opci\u00f3n de recibir informaci\u00f3n por correo electr\u00f3nico. En caso de que haya marcado la opci\u00f3n de recibir nuestro bolet\u00edn o publicidad usted puede cancelarla en cualquier momento.<\/p>\n<p>Esta compa\u00f1\u00eda no vender\u00e1, ceder\u00e1 ni distribuir\u00e1 la informaci\u00f3n personal que es recopilada sin su consentimiento, salvo que sea requerido por un juez con un orden judicial.<\/p>\n<p>DeCinti &amp; Villal\u00f3n S.L. Se reserva el derecho de cambiar los t\u00e9rminos de la presente Pol\u00edtica de Privacidad en cualquier momento.<\/p>\n<h2>TRATAMIENTO DE DATOS DE CLIENTES<\/h2>\n<h3>Clausula informativa:<\/h3>\n<div>El texto que se muestra a continuaci\u00f3n deber\u00e1 incluirlo en todos aquellos formularios que utilice para recabar datos personales de sus clientes, tanto si se realiza en soporte papel como si los recoge a trav\u00e9s de un formulario web:<\/div>\n<p>Responsable: Identidad: Decinti &amp; Villal\u00f3n S.L. &#8211;<br \/>\nNIF: b85395192<br \/>\nDir. postal: calle Santa Feliciana 19, local exterior derecha, 28010 Madrid.<br \/>\nTel\u00e9fono: 915913753<br \/>\nCorreo elect: artedv.com@gmail.com<\/p>\n<p>\u201cEn nombre de la empresa tratamos la informaci\u00f3n que nos facilita con el fin de prestarles el servicio solicitado, realizar la facturaci\u00f3n del mismo. Los datos proporcionados se conservar\u00e1n mientras se mantenga la relaci\u00f3n comercial o durante los a\u00f1os necesarios para cumplir con las obligaciones legales. Los datos no se ceder\u00e1n a terceros salvo en los casos en que exista una obligaci\u00f3n legal. Usted tiene derecho a obtener confirmaci\u00f3n sobre si en Decinti &amp; Villal\u00f3n S.L. estamos tratando sus datos personales por tanto tiene derecho a acceder a sus datos personales, rectificar los datos inexactos o solicitar su supresi\u00f3n cuando los datos ya no sean necesarios.<br \/>\nAsimismo solicito su autorizaci\u00f3n para ofrecerle productos y servicios relacionados con los solicitados y fidelizarle como cliente.\u201d<br \/>\nSI<br \/>\nNO<\/p>\n<p>&nbsp;","protected":false},"excerpt":{"rendered":"<p>Sorry, this entry is only available in Espa\u00f1ol. For the sake of viewer convenience, the content is shown below in the alternative language. You may click the link to switch the active language.La presente Pol\u00edtica de Privacidad establece los t\u00e9rminos en que DeCinti &amp; Villal\u00f3n S.L. usa y protege la informaci\u00f3n que es proporcionada por [&#8230;]<\/p>\n","protected":false},"author":1,"featured_media":0,"parent":0,"menu_order":0,"comment_status":"closed","ping_status":"closed","template":"","meta":{"_acf_changed":false,"footnotes":""},"yst_prominent_words":[664,671,670,362,651,656,655,662,653,663,654,690,667,652,657,659,661,658,660,665],"class_list":["post-8272","page","type-page","status-publish","hentry"],"acf":[],"yoast_head":"<!-- This site is optimized with the Yoast SEO Premium plugin v14.1 - https:\/\/yoast.com\/wordpress\/plugins\/seo\/ -->\n<meta name=\"description\" content=\"Reglamento General de Protecci\u00f3n de Datos RGDP\" \/>\n<meta name=\"robots\" content=\"index, follow\" \/>\n<meta name=\"googlebot\" content=\"index, follow, max-snippet:-1, max-image-preview:large, max-video-preview:-1\" \/>\n<meta name=\"bingbot\" content=\"index, follow, max-snippet:-1, max-image-preview:large, max-video-preview:-1\" \/>\n<link rel=\"canonical\" href=\"https:\/\/www.decintivillalon.com\/politica-de-privacidad\/\" \/>\n<meta property=\"og:locale\" content=\"en_US\" \/>\n<meta property=\"og:type\" content=\"article\" \/>\n<meta property=\"og:title\" content=\"Pol\u00edtica de privacidad\" \/>\n<meta property=\"og:description\" content=\"Reglamento General de Protecci\u00f3n de Datos RGDP\" \/>\n<meta property=\"og:url\" content=\"https:\/\/www.decintivillalon.com\/politica-de-privacidad\/\" \/>\n<meta property=\"og:site_name\" content=\"DeCinti Villal\u00f3n: Academia de Pintura en Madrid D V Madrid, Academia de Pintura de Madrid | \u00d3leo | Acuarela | Dibujo\" \/>\n<meta property=\"article:publisher\" content=\"https:\/\/www.facebook.com\/ADVMadrid\" \/>\n<meta property=\"article:modified_time\" content=\"2018-11-13T09:38:35+00:00\" \/>\n<meta property=\"og:image\" content=\"https:\/\/i0.wp.com\/www.decintivillalon.com\/wp-content\/uploads\/2018\/04\/banner-dvmadrid-2.jpg?fit=1000%2C432&#038;ssl=1\" \/>\n\t<meta property=\"og:image:width\" content=\"1000\" \/>\n\t<meta property=\"og:image:height\" content=\"432\" \/>\n<script type=\"application\/ld+json\" class=\"yoast-schema-graph\">{\"@context\":\"https:\/\/schema.org\",\"@graph\":[{\"@type\":\"Organization\",\"@id\":\"https:\/\/www.decintivillalon.com\/en\/#organization\",\"name\":\"DeCinti & Vilall\\u00f3n S.L.\",\"url\":\"https:\/\/www.decintivillalon.com\/en\/\",\"sameAs\":[\"https:\/\/www.facebook.com\/ADVMadrid\",\"https:\/\/www.youtube.com\/user\/artedv\"],\"logo\":{\"@type\":\"ImageObject\",\"@id\":\"https:\/\/www.decintivillalon.com\/en\/#logo\",\"inLanguage\":\"en-US\",\"url\":\"https:\/\/i0.wp.com\/www.decintivillalon.com\/wp-content\/uploads\/2014\/11\/1-logodv-0011.jpg?fit=80%2C80&ssl=1\",\"width\":80,\"height\":80,\"caption\":\"DeCinti & Vilall\\u00f3n S.L.\"},\"image\":{\"@id\":\"https:\/\/www.decintivillalon.com\/en\/#logo\"}},{\"@type\":\"WebSite\",\"@id\":\"https:\/\/www.decintivillalon.com\/en\/#website\",\"url\":\"https:\/\/www.decintivillalon.com\/en\/\",\"name\":\"DeCinti Villal\\u00f3n: Academia de Pintura en Madrid D V Madrid, Academia de Pintura de Madrid | \\u00d3leo | Acuarela | Dibujo\",\"description\":\"Curso nacional e internacional. Profesores expertos Academia de Pintura Especialistas en \\u00d3leo\",\"publisher\":{\"@id\":\"https:\/\/www.decintivillalon.com\/en\/#organization\"},\"potentialAction\":[{\"@type\":\"SearchAction\",\"target\":\"https:\/\/www.decintivillalon.com\/en\/?s={search_term_string}\",\"query-input\":\"required name=search_term_string\"}],\"inLanguage\":\"en-US\"},{\"@type\":\"WebPage\",\"@id\":\"https:\/\/www.decintivillalon.com\/politica-de-privacidad\/#webpage\",\"url\":\"https:\/\/www.decintivillalon.com\/politica-de-privacidad\/\",\"name\":\"Pol\\u00edtica de privacidad\",\"isPartOf\":{\"@id\":\"https:\/\/www.decintivillalon.com\/en\/#website\"},\"datePublished\":\"2018-05-18T12:00:22+00:00\",\"dateModified\":\"2018-11-13T09:38:35+00:00\",\"description\":\"Reglamento General de Protecci\\u00f3n de Datos RGDP\",\"breadcrumb\":{\"@id\":\"https:\/\/www.decintivillalon.com\/politica-de-privacidad\/#breadcrumb\"},\"inLanguage\":\"en-US\",\"potentialAction\":[{\"@type\":\"ReadAction\",\"target\":[\"https:\/\/www.decintivillalon.com\/politica-de-privacidad\/\"]}]},{\"@type\":\"BreadcrumbList\",\"@id\":\"https:\/\/www.decintivillalon.com\/politica-de-privacidad\/#breadcrumb\",\"itemListElement\":[{\"@type\":\"ListItem\",\"position\":1,\"item\":{\"@type\":\"WebPage\",\"@id\":\"https:\/\/www.decintivillalon.com\/\",\"url\":\"https:\/\/www.decintivillalon.com\/\",\"name\":\"Portada\"}},{\"@type\":\"ListItem\",\"position\":2,\"item\":{\"@type\":\"WebPage\",\"@id\":\"https:\/\/www.decintivillalon.com\/politica-de-privacidad\/\",\"url\":\"https:\/\/www.decintivillalon.com\/politica-de-privacidad\/\",\"name\":\"Pol\\u00edtica de privacidad\"}}]}]}<\/script>\n<!-- \/ Yoast SEO Premium plugin. -->","jetpack_shortlink":"https:\/\/wp.me\/P3Hbis-29q","jetpack_sharing_enabled":true,"_links":{"self":[{"href":"https:\/\/www.decintivillalon.com\/en\/wp-json\/wp\/v2\/pages\/8272","targetHints":{"allow":["GET"]}}],"collection":[{"href":"https:\/\/www.decintivillalon.com\/en\/wp-json\/wp\/v2\/pages"}],"about":[{"href":"https:\/\/www.decintivillalon.com\/en\/wp-json\/wp\/v2\/types\/page"}],"author":[{"embeddable":true,"href":"https:\/\/www.decintivillalon.com\/en\/wp-json\/wp\/v2\/users\/1"}],"replies":[{"embeddable":true,"href":"https:\/\/www.decintivillalon.com\/en\/wp-json\/wp\/v2\/comments?post=8272"}],"version-history":[{"count":0,"href":"https:\/\/www.decintivillalon.com\/en\/wp-json\/wp\/v2\/pages\/8272\/revisions"}],"wp:attachment":[{"href":"https:\/\/www.decintivillalon.com\/en\/wp-json\/wp\/v2\/media?parent=8272"}],"wp:term":[{"taxonomy":"yst_prominent_words","embeddable":true,"href":"https:\/\/www.decintivillalon.com\/en\/wp-json\/wp\/v2\/yst_prominent_words?post=8272"}],"curies":[{"name":"wp","href":"https:\/\/api.w.org\/{rel}","templated":true}]}}