{"id":64,"date":"2012-01-07T21:24:43","date_gmt":"2012-01-07T21:24:43","guid":{"rendered":"http:\/\/www.decintivillalon.com\/cmsprueba\/?page_id=64"},"modified":"2018-07-06T08:26:40","modified_gmt":"2018-07-06T08:26:40","slug":"archivo-de-proyectos-exposiciones-eventos","status":"publish","type":"page","link":"https:\/\/www.decintivillalon.com\/en\/archivo-de-proyectos-exposiciones-eventos\/","title":{"rendered":"Archive"},"content":{"rendered":"<h4>| <a href=\"http:\/\/www.decintivillalon.com\/category\/exposiciones\/\">Exhibitions<\/a>\u00a0| <a href=\"http:\/\/www.decintivillalon.com\/category\/proyectos\/\">Projects<\/a> |<a href=\"http:\/\/www.decintivillalon.com\/category\/publicaciones\/\"> Art Editions<\/a> | <a href=\"http:\/\/www.decintivillalon.com\/archivo-de-proyectos-exposiciones-eventos\/archivo-de-eventos\/\">Press<\/a> | <\/h4>\n<div id=\"attachment_5033\" style=\"width: 310px\" class=\"wp-caption alignleft\"><a href=\"http:\/\/www.decintivillalon.com\/category\/exposiciones\/\"><img data-recalc-dims=\"1\" loading=\"lazy\" decoding=\"async\" aria-describedby=\"caption-attachment-5033\" data-attachment-id=\"5033\" data-permalink=\"https:\/\/www.decintivillalon.com\/en\/archivo-de-proyectos-exposiciones-eventos\/224312_1905229204699_1660838815_2014509_8085785_n\/\" data-orig-file=\"https:\/\/i0.wp.com\/www.decintivillalon.com\/wp-content\/uploads\/2012\/01\/224312_1905229204699_1660838815_2014509_8085785_n.jpg?fit=541%2C540&amp;ssl=1\" data-orig-size=\"541,540\" data-comments-opened=\"1\" data-image-meta=\"{&quot;aperture&quot;:&quot;0&quot;,&quot;credit&quot;:&quot;Picasa&quot;,&quot;camera&quot;:&quot;&quot;,&quot;caption&quot;:&quot;&quot;,&quot;created_timestamp&quot;:&quot;1443273874&quot;,&quot;copyright&quot;:&quot;&quot;,&quot;focal_length&quot;:&quot;0&quot;,&quot;iso&quot;:&quot;0&quot;,&quot;shutter_speed&quot;:&quot;0&quot;,&quot;title&quot;:&quot;&quot;,&quot;orientation&quot;:&quot;0&quot;}\" data-image-title=\"Exposiciones\" data-image-description=\"\" data-image-caption=\"&lt;p&gt;Exposiciones&lt;\/p&gt;\n\" data-medium-file=\"https:\/\/i0.wp.com\/www.decintivillalon.com\/wp-content\/uploads\/2012\/01\/224312_1905229204699_1660838815_2014509_8085785_n.jpg?fit=300%2C300&amp;ssl=1\" data-large-file=\"https:\/\/i0.wp.com\/www.decintivillalon.com\/wp-content\/uploads\/2012\/01\/224312_1905229204699_1660838815_2014509_8085785_n.jpg?fit=541%2C540&amp;ssl=1\" src=\"https:\/\/i0.wp.com\/www.decintivillalon.com\/wp-content\/uploads\/2012\/01\/224312_1905229204699_1660838815_2014509_8085785_n-300x300.jpg?resize=300%2C300\" alt=\"Exposiciones\" width=\"300\" height=\"300\" class=\"size-medium wp-image-5033\" srcset=\"https:\/\/i0.wp.com\/www.decintivillalon.com\/wp-content\/uploads\/2012\/01\/224312_1905229204699_1660838815_2014509_8085785_n.jpg?resize=300%2C300&amp;ssl=1 300w, https:\/\/i0.wp.com\/www.decintivillalon.com\/wp-content\/uploads\/2012\/01\/224312_1905229204699_1660838815_2014509_8085785_n.jpg?resize=150%2C150&amp;ssl=1 150w, https:\/\/i0.wp.com\/www.decintivillalon.com\/wp-content\/uploads\/2012\/01\/224312_1905229204699_1660838815_2014509_8085785_n.jpg?w=541&amp;ssl=1 541w\" sizes=\"auto, (max-width: 300px) 100vw, 300px\" \/><\/a><p id=\"caption-attachment-5033\" class=\"wp-caption-text\">Exposiciones<\/p><\/div>\n<div id=\"attachment_5035\" style=\"width: 310px\" class=\"wp-caption alignleft\"><a href=\"http:\/\/www.decintivillalon.com\/category\/proyectos\/\"><img data-recalc-dims=\"1\" loading=\"lazy\" decoding=\"async\" aria-describedby=\"caption-attachment-5035\" data-attachment-id=\"5035\" data-permalink=\"https:\/\/www.decintivillalon.com\/en\/archivo-de-proyectos-exposiciones-eventos\/proyetos\/\" data-orig-file=\"https:\/\/i0.wp.com\/www.decintivillalon.com\/wp-content\/uploads\/2012\/01\/proyetos.jpg?fit=772%2C772&amp;ssl=1\" data-orig-size=\"772,772\" data-comments-opened=\"1\" data-image-meta=\"{&quot;aperture&quot;:&quot;0&quot;,&quot;credit&quot;:&quot;Picasa&quot;,&quot;camera&quot;:&quot;&quot;,&quot;caption&quot;:&quot;&quot;,&quot;created_timestamp&quot;:&quot;1443273840&quot;,&quot;copyright&quot;:&quot;&quot;,&quot;focal_length&quot;:&quot;0&quot;,&quot;iso&quot;:&quot;0&quot;,&quot;shutter_speed&quot;:&quot;0&quot;,&quot;title&quot;:&quot;&quot;,&quot;orientation&quot;:&quot;0&quot;}\" data-image-title=\"Proyectos\" data-image-description=\"\" data-image-caption=\"&lt;p&gt;Proyectos&lt;\/p&gt;\n\" data-medium-file=\"https:\/\/i0.wp.com\/www.decintivillalon.com\/wp-content\/uploads\/2012\/01\/proyetos.jpg?fit=300%2C300&amp;ssl=1\" data-large-file=\"https:\/\/i0.wp.com\/www.decintivillalon.com\/wp-content\/uploads\/2012\/01\/proyetos.jpg?fit=772%2C772&amp;ssl=1\" src=\"https:\/\/i0.wp.com\/www.decintivillalon.com\/wp-content\/uploads\/2012\/01\/proyetos-300x300.jpg?resize=300%2C300\" alt=\"Proyectos\" width=\"300\" height=\"300\" class=\"size-medium wp-image-5035\" srcset=\"https:\/\/i0.wp.com\/www.decintivillalon.com\/wp-content\/uploads\/2012\/01\/proyetos.jpg?resize=300%2C300&amp;ssl=1 300w, https:\/\/i0.wp.com\/www.decintivillalon.com\/wp-content\/uploads\/2012\/01\/proyetos.jpg?resize=150%2C150&amp;ssl=1 150w, https:\/\/i0.wp.com\/www.decintivillalon.com\/wp-content\/uploads\/2012\/01\/proyetos.jpg?w=772&amp;ssl=1 772w\" sizes=\"auto, (max-width: 300px) 100vw, 300px\" \/><\/a><p id=\"caption-attachment-5035\" class=\"wp-caption-text\">Proyectos<\/p><\/div>\n<div id=\"attachment_5034\" style=\"width: 310px\" class=\"wp-caption alignleft\"><a href=\"http:\/\/www.decintivillalon.com\/category\/publicaciones\/\"><img data-recalc-dims=\"1\" loading=\"lazy\" decoding=\"async\" aria-describedby=\"caption-attachment-5034\" data-attachment-id=\"5034\" data-permalink=\"https:\/\/www.decintivillalon.com\/en\/archivo-de-proyectos-exposiciones-eventos\/cartel-el-agua-5\/\" data-orig-file=\"https:\/\/i0.wp.com\/www.decintivillalon.com\/wp-content\/uploads\/2012\/01\/cartel-el-agua3.jpg?fit=590%2C590&amp;ssl=1\" data-orig-size=\"590,590\" data-comments-opened=\"1\" data-image-meta=\"{&quot;aperture&quot;:&quot;0&quot;,&quot;credit&quot;:&quot;Picasa&quot;,&quot;camera&quot;:&quot;&quot;,&quot;caption&quot;:&quot;&quot;,&quot;created_timestamp&quot;:&quot;1443273998&quot;,&quot;copyright&quot;:&quot;&quot;,&quot;focal_length&quot;:&quot;0&quot;,&quot;iso&quot;:&quot;0&quot;,&quot;shutter_speed&quot;:&quot;0&quot;,&quot;title&quot;:&quot;&quot;,&quot;orientation&quot;:&quot;0&quot;}\" data-image-title=\"Publicaciones\" data-image-description=\"\" data-image-caption=\"&lt;p&gt;Publicaciones&lt;\/p&gt;\n\" data-medium-file=\"https:\/\/i0.wp.com\/www.decintivillalon.com\/wp-content\/uploads\/2012\/01\/cartel-el-agua3.jpg?fit=300%2C300&amp;ssl=1\" data-large-file=\"https:\/\/i0.wp.com\/www.decintivillalon.com\/wp-content\/uploads\/2012\/01\/cartel-el-agua3.jpg?fit=590%2C590&amp;ssl=1\" src=\"https:\/\/i0.wp.com\/www.decintivillalon.com\/wp-content\/uploads\/2012\/01\/cartel-el-agua3-300x300.jpg?resize=300%2C300\" alt=\"Publicaciones\" width=\"300\" height=\"300\" class=\"size-medium wp-image-5034\" srcset=\"https:\/\/i0.wp.com\/www.decintivillalon.com\/wp-content\/uploads\/2012\/01\/cartel-el-agua3.jpg?resize=300%2C300&amp;ssl=1 300w, https:\/\/i0.wp.com\/www.decintivillalon.com\/wp-content\/uploads\/2012\/01\/cartel-el-agua3.jpg?resize=150%2C150&amp;ssl=1 150w, https:\/\/i0.wp.com\/www.decintivillalon.com\/wp-content\/uploads\/2012\/01\/cartel-el-agua3.jpg?w=590&amp;ssl=1 590w\" sizes=\"auto, (max-width: 300px) 100vw, 300px\" \/><\/a><p id=\"caption-attachment-5034\" class=\"wp-caption-text\">Publicaciones<\/p><\/div>\n<div id=\"attachment_5032\" style=\"width: 310px\" class=\"wp-caption alignleft\"><a href=\"http:\/\/www.decintivillalon.com\/archivo-de-proyectos-exposiciones-eventos\/archivo-de-eventos\/\"><img data-recalc-dims=\"1\" loading=\"lazy\" decoding=\"async\" aria-describedby=\"caption-attachment-5032\" data-attachment-id=\"5032\" data-permalink=\"https:\/\/www.decintivillalon.com\/en\/archivo-de-proyectos-exposiciones-eventos\/1-prensa-chinchon-arauco\/\" data-orig-file=\"https:\/\/i0.wp.com\/www.decintivillalon.com\/wp-content\/uploads\/2012\/01\/1-Prensa-Chinch%C3%B3n-Arauco.jpg?fit=1089%2C1090&amp;ssl=1\" data-orig-size=\"1089,1090\" data-comments-opened=\"1\" data-image-meta=\"{&quot;aperture&quot;:&quot;0&quot;,&quot;credit&quot;:&quot;Picasa&quot;,&quot;camera&quot;:&quot;DCP-1510 series&quot;,&quot;caption&quot;:&quot;&quot;,&quot;created_timestamp&quot;:&quot;1416345076&quot;,&quot;copyright&quot;:&quot;&quot;,&quot;focal_length&quot;:&quot;0&quot;,&quot;iso&quot;:&quot;0&quot;,&quot;shutter_speed&quot;:&quot;0&quot;,&quot;title&quot;:&quot;&quot;,&quot;orientation&quot;:&quot;0&quot;}\" data-image-title=\"Prensa\" data-image-description=\"\" data-image-caption=\"&lt;p&gt;Prensa&lt;\/p&gt;\n\" data-medium-file=\"https:\/\/i0.wp.com\/www.decintivillalon.com\/wp-content\/uploads\/2012\/01\/1-Prensa-Chinch%C3%B3n-Arauco.jpg?fit=300%2C300&amp;ssl=1\" data-large-file=\"https:\/\/i0.wp.com\/www.decintivillalon.com\/wp-content\/uploads\/2012\/01\/1-Prensa-Chinch%C3%B3n-Arauco.jpg?fit=1024%2C1024&amp;ssl=1\" src=\"https:\/\/i0.wp.com\/www.decintivillalon.com\/wp-content\/uploads\/2012\/01\/1-Prensa-Chinch%C3%B3n-Arauco-300x300.jpg?resize=300%2C300\" alt=\"Prensa\" width=\"300\" height=\"300\" class=\"size-medium wp-image-5032\" srcset=\"https:\/\/i0.wp.com\/www.decintivillalon.com\/wp-content\/uploads\/2012\/01\/1-Prensa-Chinch%C3%B3n-Arauco.jpg?resize=300%2C300&amp;ssl=1 300w, https:\/\/i0.wp.com\/www.decintivillalon.com\/wp-content\/uploads\/2012\/01\/1-Prensa-Chinch%C3%B3n-Arauco.jpg?resize=150%2C150&amp;ssl=1 150w, https:\/\/i0.wp.com\/www.decintivillalon.com\/wp-content\/uploads\/2012\/01\/1-Prensa-Chinch%C3%B3n-Arauco.jpg?resize=1024%2C1024&amp;ssl=1 1024w, https:\/\/i0.wp.com\/www.decintivillalon.com\/wp-content\/uploads\/2012\/01\/1-Prensa-Chinch%C3%B3n-Arauco.jpg?w=1089&amp;ssl=1 1089w\" sizes=\"auto, (max-width: 300px) 100vw, 300px\" \/><\/a><p id=\"caption-attachment-5032\" class=\"wp-caption-text\">Prensa<\/p><\/div>","protected":false},"excerpt":{"rendered":"<p>| Exhibitions\u00a0| Projects | Art Editions | Press |<\/p>\n","protected":false},"author":1,"featured_media":0,"parent":0,"menu_order":2,"comment_status":"closed","ping_status":"closed","template":"","meta":{"_acf_changed":false,"footnotes":""},"yst_prominent_words":[],"class_list":["post-64","page","type-page","status-publish","hentry"],"acf":[],"yoast_head":"<!-- This site is optimized with the Yoast SEO Premium plugin v14.1 - https:\/\/yoast.com\/wordpress\/plugins\/seo\/ -->\n<meta name=\"description\" content=\"Conoce nuestra completa actividad acad\u00e9mica. Aqu\u00ed encontrar\u00e1s adem\u00e1s un blog te\u00f3rico pr\u00e1ctico de la pintura, consejos, t\u00e9cnicas, libros recomendados.\" \/>\n<meta name=\"robots\" content=\"index, follow\" \/>\n<meta name=\"googlebot\" content=\"index, follow, max-snippet:-1, max-image-preview:large, max-video-preview:-1\" \/>\n<meta name=\"bingbot\" content=\"index, follow, max-snippet:-1, max-image-preview:large, max-video-preview:-1\" \/>\n<link rel=\"canonical\" href=\"https:\/\/www.decintivillalon.com\/archivo-de-proyectos-exposiciones-eventos\/\" \/>\n<meta property=\"og:locale\" content=\"en_US\" \/>\n<meta property=\"og:type\" content=\"article\" \/>\n<meta property=\"og:title\" content=\"Archivo: Exposiciones, proyectos, publicaciones y prensa\" \/>\n<meta property=\"og:description\" content=\"Conoce nuestra completa actividad acad\u00e9mica. Aqu\u00ed encontrar\u00e1s adem\u00e1s un blog te\u00f3rico pr\u00e1ctico de la pintura, consejos, t\u00e9cnicas, libros recomendados.\" \/>\n<meta property=\"og:url\" content=\"https:\/\/www.decintivillalon.com\/archivo-de-proyectos-exposiciones-eventos\/\" \/>\n<meta property=\"og:site_name\" content=\"DeCinti Villal\u00f3n: Academia de Pintura en Madrid D V Madrid, Academia de Pintura de Madrid | \u00d3leo | Acuarela | Dibujo\" \/>\n<meta property=\"article:publisher\" content=\"https:\/\/www.facebook.com\/ADVMadrid\" \/>\n<meta property=\"article:modified_time\" content=\"2018-07-06T08:26:40+00:00\" \/>\n<meta property=\"og:image\" content=\"http:\/\/www.decintivillalon.com\/wp-content\/uploads\/2012\/01\/224312_1905229204699_1660838815_2014509_8085785_n-300x300.jpg\" \/>\n<script type=\"application\/ld+json\" class=\"yoast-schema-graph\">{\"@context\":\"https:\/\/schema.org\",\"@graph\":[{\"@type\":\"Organization\",\"@id\":\"https:\/\/www.decintivillalon.com\/en\/#organization\",\"name\":\"DeCinti & Vilall\\u00f3n S.L.\",\"url\":\"https:\/\/www.decintivillalon.com\/en\/\",\"sameAs\":[\"https:\/\/www.facebook.com\/ADVMadrid\",\"https:\/\/www.youtube.com\/user\/artedv\"],\"logo\":{\"@type\":\"ImageObject\",\"@id\":\"https:\/\/www.decintivillalon.com\/en\/#logo\",\"inLanguage\":\"en-US\",\"url\":\"https:\/\/i0.wp.com\/www.decintivillalon.com\/wp-content\/uploads\/2014\/11\/1-logodv-0011.jpg?fit=80%2C80&ssl=1\",\"width\":80,\"height\":80,\"caption\":\"DeCinti & Vilall\\u00f3n S.L.\"},\"image\":{\"@id\":\"https:\/\/www.decintivillalon.com\/en\/#logo\"}},{\"@type\":\"WebSite\",\"@id\":\"https:\/\/www.decintivillalon.com\/en\/#website\",\"url\":\"https:\/\/www.decintivillalon.com\/en\/\",\"name\":\"DeCinti Villal\\u00f3n: Academia de Pintura en Madrid D V Madrid, Academia de Pintura de Madrid | \\u00d3leo | Acuarela | Dibujo\",\"description\":\"Curso nacional e internacional. Profesores expertos Academia de Pintura Especialistas en \\u00d3leo\",\"publisher\":{\"@id\":\"https:\/\/www.decintivillalon.com\/en\/#organization\"},\"potentialAction\":[{\"@type\":\"SearchAction\",\"target\":\"https:\/\/www.decintivillalon.com\/en\/?s={search_term_string}\",\"query-input\":\"required name=search_term_string\"}],\"inLanguage\":\"en-US\"},{\"@type\":\"ImageObject\",\"@id\":\"https:\/\/www.decintivillalon.com\/archivo-de-proyectos-exposiciones-eventos\/#primaryimage\",\"inLanguage\":\"en-US\",\"url\":\"http:\/\/www.decintivillalon.com\/wp-content\/uploads\/2012\/01\/224312_1905229204699_1660838815_2014509_8085785_n-300x300.jpg\"},{\"@type\":\"WebPage\",\"@id\":\"https:\/\/www.decintivillalon.com\/archivo-de-proyectos-exposiciones-eventos\/#webpage\",\"url\":\"https:\/\/www.decintivillalon.com\/archivo-de-proyectos-exposiciones-eventos\/\",\"name\":\"Archivo: Exposiciones, proyectos, publicaciones y prensa\",\"isPartOf\":{\"@id\":\"https:\/\/www.decintivillalon.com\/en\/#website\"},\"primaryImageOfPage\":{\"@id\":\"https:\/\/www.decintivillalon.com\/archivo-de-proyectos-exposiciones-eventos\/#primaryimage\"},\"datePublished\":\"2012-01-07T21:24:43+00:00\",\"dateModified\":\"2018-07-06T08:26:40+00:00\",\"description\":\"Conoce nuestra completa actividad acad\\u00e9mica. Aqu\\u00ed encontrar\\u00e1s adem\\u00e1s un blog te\\u00f3rico pr\\u00e1ctico de la pintura, consejos, t\\u00e9cnicas, libros recomendados.\",\"breadcrumb\":{\"@id\":\"https:\/\/www.decintivillalon.com\/archivo-de-proyectos-exposiciones-eventos\/#breadcrumb\"},\"inLanguage\":\"en-US\",\"potentialAction\":[{\"@type\":\"ReadAction\",\"target\":[\"https:\/\/www.decintivillalon.com\/archivo-de-proyectos-exposiciones-eventos\/\"]}]},{\"@type\":\"BreadcrumbList\",\"@id\":\"https:\/\/www.decintivillalon.com\/archivo-de-proyectos-exposiciones-eventos\/#breadcrumb\",\"itemListElement\":[{\"@type\":\"ListItem\",\"position\":1,\"item\":{\"@type\":\"WebPage\",\"@id\":\"https:\/\/www.decintivillalon.com\/\",\"url\":\"https:\/\/www.decintivillalon.com\/\",\"name\":\"Portada\"}},{\"@type\":\"ListItem\",\"position\":2,\"item\":{\"@type\":\"WebPage\",\"@id\":\"https:\/\/www.decintivillalon.com\/archivo-de-proyectos-exposiciones-eventos\/\",\"url\":\"https:\/\/www.decintivillalon.com\/archivo-de-proyectos-exposiciones-eventos\/\",\"name\":\"Archivo\"}}]}]}<\/script>\n<!-- \/ Yoast SEO Premium plugin. -->","jetpack_shortlink":"https:\/\/wp.me\/P3Hbis-12","jetpack_sharing_enabled":true,"_links":{"self":[{"href":"https:\/\/www.decintivillalon.com\/en\/wp-json\/wp\/v2\/pages\/64","targetHints":{"allow":["GET"]}}],"collection":[{"href":"https:\/\/www.decintivillalon.com\/en\/wp-json\/wp\/v2\/pages"}],"about":[{"href":"https:\/\/www.decintivillalon.com\/en\/wp-json\/wp\/v2\/types\/page"}],"author":[{"embeddable":true,"href":"https:\/\/www.decintivillalon.com\/en\/wp-json\/wp\/v2\/users\/1"}],"replies":[{"embeddable":true,"href":"https:\/\/www.decintivillalon.com\/en\/wp-json\/wp\/v2\/comments?post=64"}],"version-history":[{"count":0,"href":"https:\/\/www.decintivillalon.com\/en\/wp-json\/wp\/v2\/pages\/64\/revisions"}],"wp:attachment":[{"href":"https:\/\/www.decintivillalon.com\/en\/wp-json\/wp\/v2\/media?parent=64"}],"wp:term":[{"taxonomy":"yst_prominent_words","embeddable":true,"href":"https:\/\/www.decintivillalon.com\/en\/wp-json\/wp\/v2\/yst_prominent_words?post=64"}],"curies":[{"name":"wp","href":"https:\/\/api.w.org\/{rel}","templated":true}]}}