{"id":46,"date":"2012-01-07T21:17:34","date_gmt":"2012-01-07T21:17:34","guid":{"rendered":"http:\/\/www.decintivillalon.com\/cmsprueba\/?page_id=46"},"modified":"2024-11-26T19:08:06","modified_gmt":"2024-11-26T19:08:06","slug":"archivo-de-eventos","status":"publish","type":"page","link":"https:\/\/www.decintivillalon.com\/en\/archivo-de-proyectos-exposiciones-eventos\/archivo-de-eventos\/","title":{"rendered":"Press"},"content":{"rendered":"<h4 style=\"text-align: center;\">| <strong><a title=\"Prensa\" href=\"http:\/\/www.decintivillalon.com\/?page_id=46\">Televisi\u00f3n<\/a><\/strong> | <a title=\"Archivo de Prensa\" href=\"http:\/\/www.decintivillalon.com\/?p=492\">Archivo de Prensa<\/a> |<\/h4>\n<h3>Los cielos retratados <\/h3>\n<p>Reportaje al escritor Jos\u00e9 Miguel Vi\u00f1as con la participaci\u00f3n de Antonio Decinti<br \/>\n<iframe loading=\"lazy\" width=\"560\" height=\"315\" src=\"https:\/\/www.youtube.com\/embed\/qLHbgrQon78?si=HPEk0svULgNsHwxO\" title=\"YouTube video player\" frameborder=\"0\" allow=\"accelerometer; autoplay; clipboard-write; encrypted-media; gyroscope; picture-in-picture; web-share\" referrerpolicy=\"strict-origin-when-cross-origin\" allowfullscreen><\/iframe><\/p>\n<h3>En la mente de un joven pintor. Antonio Decinti &#8211; D\u00e9montrer Discovery<\/h3>\n<p>Antonio Decinti es un joven pintor de Madrid. Tomate un unos minutillos, rel\u00e1jate y descubre a este joven artista. Esperamos que os guste. Contacto: Instagram: @Antoniodecintitorrejon @demontrerstudios<br \/>\n<iframe loading=\"lazy\" title=\"YouTube video player\" src=\"https:\/\/www.youtube.com\/embed\/0xCDriy8DAs?si=oxHHQ81PdzjeaiWe\" width=\"560\" height=\"315\" frameborder=\"0\" allowfullscreen=\"allowfullscreen\"><\/iframe><\/p>\n<p>&nbsp;<\/p>\n<h3>DV Espa\u00f1a M\u00e9xico conversa en TV Cuatro Arte<\/h3>\n<p>La presentadora Tania Preciado con los artistas de DV Espa\u00f1a M\u00e9xico en el MIQ Museo Iconogr\u00e1fico del Quijote, en el 47\u00ba Festival Cervantino de Guanajuato.<br \/>\n<iframe loading=\"lazy\" src=\"https:\/\/www.youtube.com\/embed\/LbkmvPPrPdY\" width=\"853\" height=\"400\" frameborder=\"0\" allowfullscreen=\"allowfullscreen\"><\/iframe><\/p>\n<h3>Telecinco: \u2018S\u00e1lvame\u2019 homenajea a la pintura espa\u00f1ola a trav\u00e9s de su nueva secci\u00f3n \u2018Hecho un cuadro\u2019<\/h3>\n<p>Goya, Vel\u00e1zquez, Sorolla, Murillo o Julio Romero de Torres: cada semana el programa recrear\u00e1 en plat\u00f3 una escena o detalle de un cuadro de un reconocido pintor espa\u00f1ol, con la ayuda de uno de sus colaboradores habituales, que ir\u00e1 caracterizado como uno de los personajes centrales del lienzo escogido en cada ocasi\u00f3n.<br \/>\nBel\u00e9n Esteban inmortalizada como la protagonista del \u2018Retrato de Dora Maar\u2019, de Picasso; Lydia Lozano, como \u2018La chiquita piconera\u2019, de Julio Romero de Torres o Mila Xim\u00e9nez, como \u2018La Infanta Do\u00f1a Margarita de Austria\u2019, de Vel\u00e1zquez. \u2018S\u00e1lvame\u2019 llevar\u00e1 a cabo un homenaje a la pintura espa\u00f1ola recreando cada semana escenas o detalles de cuadros de reconocidos autores nacionales, a trav\u00e9s de una nueva secci\u00f3n que estrenar\u00e1 este jueves 06 de abril y que llevar\u00e1 por t\u00edtulo \u2018Hecho un cuadro\u2019.<\/p>\n<h3><iframe loading=\"lazy\" src=\"https:\/\/www.youtube.com\/embed\/0Q-mRZixetM\" width=\"853\" height=\"480\" frameborder=\"0\" allowfullscreen=\"allowfullscreen\"><\/iframe><\/h3>\n<p>Bel\u00e9n Esteban, Kiko Hern\u00e1ndez, Kiko Matamoros, Mila Xim\u00e9nez, Lydia Lozano, Chelo Garc\u00eda Cort\u00e9s, Mar\u00eda Pati\u00f1o, Terelu Campos y Gema L\u00f3pez ser\u00e1n los protagonistas de esta nueva iniciativa, con la que el programa l\u00edder de las tardes vuelve a sorprender a los telespectadores con un contenido l\u00fadico, como ya hiciera anteriormente con las secciones \u2018Lydia qui\u00e9n canta\u2019 y \u2018Lydia qui\u00e9n baila\u2019, protagonizadas por las interpretaciones y coreograf\u00edas de Lydia Lozano, o con las recreaciones de determinados personajes hist\u00f3ricos coincidiendo con se\u00f1aladas efem\u00e9rides.<br \/>\nEmblem\u00e1ticas obras pict\u00f3ricas como el \u2018Retrato de Dora Maar\u2019, de Picasso (Bel\u00e9n Esteban); \u2018La chiquita piconera\u2019, de Julio Romero de Torres (Lydia Lozano); \u2018La Infanta Do\u00f1a Margarita de Austria\u2019, de Vel\u00e1zquez (Mila Xim\u00e9nez); \u2018Paseo a orillas del mar\u2019 o \u2018Retrato de Mar\u00eda \u2018La guapa\u2019, de Joaqu\u00edn Sorolla (Terelu Campos); \u2018La Inmaculada\u2019, de Murillo (Mar\u00eda Pati\u00f1o); o \u2018La Maja Vestida\u2019, de Goya (Chelo Garc\u00eda Cort\u00e9s), ser\u00e1n recreadas en lienzo a partir de ma\u00f1ana y a lo largo de las pr\u00f3ximas semanas por Antonio DeCinti (Santiago de Chile, 1995), artista encargado de pintar los cuadros en el plat\u00f3.<\/p>\n<h3><iframe loading=\"lazy\" src=\"https:\/\/www.youtube.com\/embed\/ObVWY5P_VPY\" width=\"853\" height=\"480\" frameborder=\"0\" allowfullscreen=\"allowfullscreen\"><\/iframe><\/h3>\n<p>Joven promesa de la pintura hiperrealista, DeCinti, que debuta en \u2018S\u00e1lvame\u2019 este jueves 06 de abril retratando a Chelo Garc\u00eda Cort\u00e9s, naci\u00f3 en Santiago de Chile en 1995, pero se traslad\u00f3 en su infancia a nuestro pa\u00eds. Perteneciente a una familia de artistas, se ha formado desde muy temprana edad en el taller de su padre en materias como dibujo, pintura al \u00f3leo, composici\u00f3n art\u00edstica y preparaci\u00f3n y enmarcaci\u00f3n de soportes para pintura al \u00f3leo, entre otras materias. En la actualidad, cursa Artes Aplicadas a la Escultura en la Escuela de Arte La Palma. Ha participado con sus obras en varias exposiciones colectivas, entre las que destacan \u2018Homenaje a Chile\u2019 (Embajada de Chile en Berl\u00edn en 2016 y actualmente en Abierto Espacio Cultural en Madrid) y \u2018Las Metamorfosis\u2019 (Burg Stolberg, Alemania, en 2015 y Galer\u00eda Gabriele Paqu\u00e9, Bonn, en 2016), entre otras.<\/p>\n<h3><\/h3>\n<p><iframe loading=\"lazy\" src=\"https:\/\/www.youtube.com\/embed\/ssJ8KZ_jCV4\" width=\"853\" height=\"400\" frameborder=\"0\" allowfullscreen=\"allowfullscreen\"><\/iframe><br \/>\n<iframe loading=\"lazy\" src=\"https:\/\/www.youtube.com\/embed\/7252YbhYbtk\" width=\"853\" height=\"480\" frameborder=\"0\" allowfullscreen=\"allowfullscreen\"><\/iframe><br \/>\n<iframe loading=\"lazy\" src=\"https:\/\/www.youtube.com\/embed\/Sg-Lev1Jzv0\" width=\"853\" height=\"480\" frameborder=\"0\" allowfullscreen=\"allowfullscreen\"><\/iframe><br \/>\n<iframe loading=\"lazy\" src=\"https:\/\/www.youtube.com\/embed\/DE8NCTcOIHA\" width=\"853\" height=\"480\" frameborder=\"0\" allowfullscreen=\"allowfullscreen\"><\/iframe><br \/>\n<iframe loading=\"lazy\" src=\"https:\/\/www.youtube.com\/embed\/fLZNV3UDoLM\" width=\"853\" height=\"480\" frameborder=\"0\" allowfullscreen=\"allowfullscreen\"><\/iframe><br \/>\n<iframe loading=\"lazy\" src=\"https:\/\/www.youtube.com\/embed\/wTEvazYIRdM\" width=\"853\" height=\"480\" frameborder=\"0\" allowfullscreen=\"allowfullscreen\"><\/iframe><br \/>\n<iframe loading=\"lazy\" src=\"https:\/\/www.youtube.com\/embed\/pfhF6CTout4\" width=\"853\" height=\"480\" frameborder=\"0\" allowfullscreen=\"allowfullscreen\"><\/iframe><br \/>\n<iframe loading=\"lazy\" src=\"https:\/\/www.youtube.com\/embed\/Nzb9Gk8yT7w\" width=\"853\" height=\"480\" frameborder=\"0\" allowfullscreen=\"allowfullscreen\"><\/iframe><br \/>\n<iframe loading=\"lazy\" src=\"https:\/\/www.youtube.com\/embed\/JAk2h9I6QhA\" width=\"853\" height=\"480\" frameborder=\"0\" allowfullscreen=\"allowfullscreen\"><\/iframe><br \/>\n<iframe loading=\"lazy\" src=\"https:\/\/www.youtube.com\/embed\/GgTN46nPRKA\" width=\"853\" height=\"480\" frameborder=\"0\" allowfullscreen=\"allowfullscreen\"><\/iframe><br \/>\n<iframe loading=\"lazy\" src=\"https:\/\/www.youtube.com\/embed\/s6SEwI3zDYU\" width=\"853\" height=\"480\" frameborder=\"0\" allowfullscreen=\"allowfullscreen\"><\/iframe><br \/>\n<iframe loading=\"lazy\" src=\"https:\/\/www.youtube.com\/embed\/OGwoPEM_hlk\" width=\"853\" height=\"480\" frameborder=\"0\" allowfullscreen=\"allowfullscreen\"><\/iframe><br \/>\n<iframe loading=\"lazy\" src=\"https:\/\/www.youtube.com\/embed\/hvHl0bmwxjI\" width=\"853\" height=\"480\" frameborder=\"0\" allowfullscreen=\"allowfullscreen\"><\/iframe><br \/>\n<iframe loading=\"lazy\" src=\"https:\/\/www.youtube.com\/embed\/zdtfq-b9YT4\" width=\"853\" height=\"480\" frameborder=\"0\" allowfullscreen=\"allowfullscreen\"><\/iframe><br \/>\n<iframe loading=\"lazy\" src=\"https:\/\/www.youtube.com\/embed\/NDB0EG2lpcw\" width=\"853\" height=\"480\" frameborder=\"0\" allowfullscreen=\"allowfullscreen\"><\/iframe><br \/>\n<iframe loading=\"lazy\" src=\"https:\/\/www.youtube.com\/embed\/-QaBfTpjTZQ\" width=\"853\" height=\"480\" frameborder=\"0\" allowfullscreen=\"allowfullscreen\"><\/iframe><\/p>\n<h3>Televisi\u00f3n Austr\u00edaca: <em>2010 Khevenhueller, temporis pons per saecula. 2011 La Celestina<\/em><\/h3>\n<address>DeCinti y Villal\u00f3n en Austria, televisi\u00f3n Austr\u00edaca. A trav\u00e9s de una selecci\u00f3n de obras cl\u00e1sicas (Tintoretto, Pantoja de la Cruz) y contempor\u00e1neas se ofrece al visitante un recorrido por la estrecha relaci\u00f3n del Castillo Hochosterwitz y los Khevenh\u00fcller en la historia pol\u00edtica, social y art\u00edstica europea desde el Renacimiento, con textos del actual Conde Karl Khevenh\u00fcller y del historiador espa\u00f1ol Alfredo Alvar_Ezquerra y la presentaci\u00f3n del Historiador del arte Ra\u00fal Alonso. Retratos de la familia Khevenh\u00fcller por Alejandro Decinti y una selecci\u00f3n de pinturas de Oscar Villal\u00f3n.<\/address>\n<address><iframe loading=\"lazy\" src=\"http:\/\/www.youtube.com\/embed\/2uFGpeTgfVI\" width=\"560\" height=\"349\" frameborder=\"0\"><\/iframe><\/address>\n<p><iframe loading=\"lazy\" src=\"\/\/www.youtube.com\/embed\/34KCNWZVg28\" width=\"560\" height=\"315\" frameborder=\"0\" allowfullscreen=\"allowfullscreen\"><\/iframe><\/p>\n<h3>TVE Televisi\u00f3n Espa\u00f1ola:<\/h3>\n<address>Reportaje realizado por la TVE(Televisi\u00f3n Espa\u00f1ola) a la colecci\u00f3n de retratos de Ingenieros y Constructores Navales Espa\u00f1oles pintados por Alejandro Decinti y Oscar Villal\u00f3n y de la exposici\u00f3n de la escuela de pintura Artedv en la Universidad Polit\u00e9cnica de Madrid.<\/address>\n<address><iframe loading=\"lazy\" style=\"font-style: normal;\" src=\"http:\/\/www.youtube.com\/embed\/idTF2b_81BU\" width=\"560\" height=\"349\" frameborder=\"0\"><\/iframe><\/address>\n<h3>TeleMadrid: Reportaje a nuestra academia<\/h3>\n<address>Un equipo de telemadrid nos ha acompa\u00f1ado en nuestro estudio de calle Del Castillo n\u00ba 4 y ha cubierto adem\u00e1s la exposici\u00f3n<strong>&#8220;Descubriendo la Realidad&#8221;<\/strong><\/address>\n<p><iframe loading=\"lazy\" src=\"http:\/\/www.youtube.com\/embed\/Dp32_RrGfNw\" width=\"560\" height=\"349\" frameborder=\"0\"><\/iframe><\/p>\n<h3>Radio Z N\u00fcrenberg<\/h3>\n<p><iframe loading=\"lazy\" src=\"https:\/\/www.youtube.com\/embed\/IZz17EupIA0\" width=\"560\" height=\"315\" frameborder=\"0\" allowfullscreen=\"allowfullscreen\"><\/iframe><\/p>\n<h3>Canal DV en Youtube<\/h3>\n<p><iframe loading=\"lazy\" src=\"\/\/www.youtube.com\/embed\/03HVNk_lhy4\" width=\"500\" height=\"400'\" frameborder=\"0\" allowfullscreen=\"allowfullscreen\"><\/iframe><br \/>\n<iframe loading=\"lazy\" src=\"\/\/www.youtube.com\/embed\/Y7EHZAdXqY8\" width=\"500\" height=\"400\" frameborder=\"0\" allowfullscreen=\"allowfullscreen\"><\/iframe><br \/>\n<iframe loading=\"lazy\" src=\"\/\/www.youtube.com\/embed\/qaPMMGkTcYM\" width=\"500\" height=\"400\" frameborder=\"0\" allowfullscreen=\"allowfullscreen\"><\/iframe>","protected":false},"excerpt":{"rendered":"<p>| Televisi\u00f3n | Archivo de Prensa | Los cielos retratados Reportaje al escritor Jos\u00e9 Miguel Vi\u00f1as con la participaci\u00f3n de Antonio Decinti En la mente de un joven pintor. Antonio Decinti &#8211; D\u00e9montrer Discovery Antonio Decinti es un joven pintor de Madrid. Tomate un unos minutillos, rel\u00e1jate y descubre a este joven artista. Esperamos que [&#8230;]<\/p>\n","protected":false},"author":1,"featured_media":0,"parent":64,"menu_order":3,"comment_status":"closed","ping_status":"closed","template":"","meta":{"_acf_changed":false,"footnotes":""},"yst_prominent_words":[213,1751,215,210,1753,219,221,1844,1752,209,223,212,1750,1749,214,1747,217,216,225,1748],"class_list":["post-46","page","type-page","status-publish","hentry"],"acf":[],"yoast_head":"<!-- This site is optimized with the Yoast SEO Premium plugin v14.1 - https:\/\/yoast.com\/wordpress\/plugins\/seo\/ -->\n<meta name=\"description\" content=\"Cat\u00e1logo de informaci\u00f3n period\u00edstica de inter\u00e9s\" \/>\n<meta name=\"robots\" content=\"index, follow\" \/>\n<meta name=\"googlebot\" content=\"index, follow, max-snippet:-1, max-image-preview:large, max-video-preview:-1\" \/>\n<meta name=\"bingbot\" content=\"index, follow, max-snippet:-1, max-image-preview:large, max-video-preview:-1\" \/>\n<link rel=\"canonical\" href=\"https:\/\/www.decintivillalon.com\/archivo-de-proyectos-exposiciones-eventos\/archivo-de-eventos\/\" \/>\n<meta property=\"og:locale\" content=\"en_US\" \/>\n<meta property=\"og:type\" content=\"article\" \/>\n<meta property=\"og:title\" content=\"Archivo de prensa: Reportajes, fragmentos de prensa y televisi\u00f3n\" \/>\n<meta property=\"og:description\" content=\"Cat\u00e1logo de informaci\u00f3n period\u00edstica de inter\u00e9s\" \/>\n<meta property=\"og:url\" content=\"https:\/\/www.decintivillalon.com\/archivo-de-proyectos-exposiciones-eventos\/archivo-de-eventos\/\" \/>\n<meta property=\"og:site_name\" content=\"DeCinti Villal\u00f3n: Academia de Pintura en Madrid D V Madrid, Academia de Pintura de Madrid | \u00d3leo | Acuarela | Dibujo\" \/>\n<meta property=\"article:publisher\" content=\"https:\/\/www.facebook.com\/ADVMadrid\" \/>\n<meta property=\"article:modified_time\" content=\"2024-11-26T19:08:06+00:00\" \/>\n<meta property=\"og:image\" content=\"https:\/\/i0.wp.com\/www.decintivillalon.com\/wp-content\/uploads\/2018\/04\/banner-dvmadrid-2.jpg?fit=1000%2C432&#038;ssl=1\" \/>\n\t<meta property=\"og:image:width\" content=\"1000\" \/>\n\t<meta property=\"og:image:height\" content=\"432\" \/>\n<script type=\"application\/ld+json\" class=\"yoast-schema-graph\">{\"@context\":\"https:\/\/schema.org\",\"@graph\":[{\"@type\":\"Organization\",\"@id\":\"https:\/\/www.decintivillalon.com\/en\/#organization\",\"name\":\"DeCinti & Vilall\\u00f3n S.L.\",\"url\":\"https:\/\/www.decintivillalon.com\/en\/\",\"sameAs\":[\"https:\/\/www.facebook.com\/ADVMadrid\",\"https:\/\/www.youtube.com\/user\/artedv\"],\"logo\":{\"@type\":\"ImageObject\",\"@id\":\"https:\/\/www.decintivillalon.com\/en\/#logo\",\"inLanguage\":\"en-US\",\"url\":\"https:\/\/i0.wp.com\/www.decintivillalon.com\/wp-content\/uploads\/2014\/11\/1-logodv-0011.jpg?fit=80%2C80&ssl=1\",\"width\":80,\"height\":80,\"caption\":\"DeCinti & Vilall\\u00f3n S.L.\"},\"image\":{\"@id\":\"https:\/\/www.decintivillalon.com\/en\/#logo\"}},{\"@type\":\"WebSite\",\"@id\":\"https:\/\/www.decintivillalon.com\/en\/#website\",\"url\":\"https:\/\/www.decintivillalon.com\/en\/\",\"name\":\"DeCinti Villal\\u00f3n: Academia de Pintura en Madrid D V Madrid, Academia de Pintura de Madrid | \\u00d3leo | Acuarela | Dibujo\",\"description\":\"Curso nacional e internacional. Profesores expertos Academia de Pintura Especialistas en \\u00d3leo\",\"publisher\":{\"@id\":\"https:\/\/www.decintivillalon.com\/en\/#organization\"},\"potentialAction\":[{\"@type\":\"SearchAction\",\"target\":\"https:\/\/www.decintivillalon.com\/en\/?s={search_term_string}\",\"query-input\":\"required name=search_term_string\"}],\"inLanguage\":\"en-US\"},{\"@type\":\"WebPage\",\"@id\":\"https:\/\/www.decintivillalon.com\/archivo-de-proyectos-exposiciones-eventos\/archivo-de-eventos\/#webpage\",\"url\":\"https:\/\/www.decintivillalon.com\/archivo-de-proyectos-exposiciones-eventos\/archivo-de-eventos\/\",\"name\":\"Archivo de prensa: Reportajes, fragmentos de prensa y televisi\\u00f3n\",\"isPartOf\":{\"@id\":\"https:\/\/www.decintivillalon.com\/en\/#website\"},\"datePublished\":\"2012-01-07T21:17:34+00:00\",\"dateModified\":\"2024-11-26T19:08:06+00:00\",\"description\":\"Cat\\u00e1logo de informaci\\u00f3n period\\u00edstica de inter\\u00e9s\",\"breadcrumb\":{\"@id\":\"https:\/\/www.decintivillalon.com\/archivo-de-proyectos-exposiciones-eventos\/archivo-de-eventos\/#breadcrumb\"},\"inLanguage\":\"en-US\",\"potentialAction\":[{\"@type\":\"ReadAction\",\"target\":[\"https:\/\/www.decintivillalon.com\/archivo-de-proyectos-exposiciones-eventos\/archivo-de-eventos\/\"]}]},{\"@type\":\"BreadcrumbList\",\"@id\":\"https:\/\/www.decintivillalon.com\/archivo-de-proyectos-exposiciones-eventos\/archivo-de-eventos\/#breadcrumb\",\"itemListElement\":[{\"@type\":\"ListItem\",\"position\":1,\"item\":{\"@type\":\"WebPage\",\"@id\":\"https:\/\/www.decintivillalon.com\/\",\"url\":\"https:\/\/www.decintivillalon.com\/\",\"name\":\"Portada\"}},{\"@type\":\"ListItem\",\"position\":2,\"item\":{\"@type\":\"WebPage\",\"@id\":\"https:\/\/www.decintivillalon.com\/archivo-de-proyectos-exposiciones-eventos\/\",\"url\":\"https:\/\/www.decintivillalon.com\/archivo-de-proyectos-exposiciones-eventos\/\",\"name\":\"Archivo\"}},{\"@type\":\"ListItem\",\"position\":3,\"item\":{\"@type\":\"WebPage\",\"@id\":\"https:\/\/www.decintivillalon.com\/archivo-de-proyectos-exposiciones-eventos\/archivo-de-eventos\/\",\"url\":\"https:\/\/www.decintivillalon.com\/archivo-de-proyectos-exposiciones-eventos\/archivo-de-eventos\/\",\"name\":\"Prensa\"}}]}]}<\/script>\n<!-- \/ Yoast SEO Premium plugin. -->","jetpack_shortlink":"https:\/\/wp.me\/P3Hbis-K","jetpack_sharing_enabled":true,"_links":{"self":[{"href":"https:\/\/www.decintivillalon.com\/en\/wp-json\/wp\/v2\/pages\/46","targetHints":{"allow":["GET"]}}],"collection":[{"href":"https:\/\/www.decintivillalon.com\/en\/wp-json\/wp\/v2\/pages"}],"about":[{"href":"https:\/\/www.decintivillalon.com\/en\/wp-json\/wp\/v2\/types\/page"}],"author":[{"embeddable":true,"href":"https:\/\/www.decintivillalon.com\/en\/wp-json\/wp\/v2\/users\/1"}],"replies":[{"embeddable":true,"href":"https:\/\/www.decintivillalon.com\/en\/wp-json\/wp\/v2\/comments?post=46"}],"version-history":[{"count":8,"href":"https:\/\/www.decintivillalon.com\/en\/wp-json\/wp\/v2\/pages\/46\/revisions"}],"predecessor-version":[{"id":14587,"href":"https:\/\/www.decintivillalon.com\/en\/wp-json\/wp\/v2\/pages\/46\/revisions\/14587"}],"up":[{"embeddable":true,"href":"https:\/\/www.decintivillalon.com\/en\/wp-json\/wp\/v2\/pages\/64"}],"wp:attachment":[{"href":"https:\/\/www.decintivillalon.com\/en\/wp-json\/wp\/v2\/media?parent=46"}],"wp:term":[{"taxonomy":"yst_prominent_words","embeddable":true,"href":"https:\/\/www.decintivillalon.com\/en\/wp-json\/wp\/v2\/yst_prominent_words?post=46"}],"curies":[{"name":"wp","href":"https:\/\/api.w.org\/{rel}","templated":true}]}}