{"id":29,"date":"2012-01-07T20:53:52","date_gmt":"2012-01-07T20:53:52","guid":{"rendered":"http:\/\/www.decintivillalon.com\/cmsprueba\/?page_id=29"},"modified":"2025-04-04T15:34:32","modified_gmt":"2025-04-04T15:34:32","slug":"pintura-al-oleo-en-madrid","status":"publish","type":"page","link":"https:\/\/www.decintivillalon.com\/en\/la-academia-de-pintura\/cursos\/pintura-al-oleo-en-madrid\/","title":{"rendered":"Oil Painting and Creative Drawing"},"content":{"rendered":"<a href=\"https:\/\/www.decintivillalon.com\/en\/\">Index<\/a> &gt; <a href=\"https:\/\/www.decintivillalon.com\/en\/\">Academy in Madrid<\/a> &gt; <a href=\"https:\/\/www.decintivillalon.com\/en\/la-academia-de-pintura\/cursos\/\">Courses<\/a> &gt; Oil painting and creative drawing<\/p>\n<h4><strong>Ongoing Training. <\/strong><\/h4>\n<p>The Oil Painting and Creative Drawing courses take place simultaneously and in the same work space. The aim is to help students fulfill their greatest potential in these disciplines.<\/p>\n<p>It is our intention and desire that our students develop the ability to approach a project taking into account the different technical and theoretical elements involved in creating an oil painting. These may include the choice of painting surface and the appropriate materials require for different subject matter within the genre of realist painting, such as still life, landscape, interiors or the human figure. The student will also learn techniques ranging from classical interpretation to the incorporation of digital technology and the manipulation of photographic images. Finally student will learn to appreciate the different results acquired from direct observation and photographic material.<\/p>\n<ul>\n<li>\n<h4><a title=\"Sesiones y Precios\" href=\"http:\/\/www.decintivillalon.com\/la-academia-de-pintura\/sesiones-y-precios\/\">Prices<\/a><\/h4>\n<\/li>\n<\/ul>\n\n\t\t<style type=\"text\/css\">\n\t\t\t#gallery-2 {\n\t\t\t\tmargin: auto;\n\t\t\t}\n\t\t\t#gallery-2 .gallery-item {\n\t\t\t\tfloat: left;\n\t\t\t\tmargin-top: 10px;\n\t\t\t\ttext-align: center;\n\t\t\t\twidth: 33%;\n\t\t\t}\n\t\t\t#gallery-2 img {\n\t\t\t\tborder: 2px solid #cfcfcf;\n\t\t\t}\n\t\t\t#gallery-2 .gallery-caption {\n\t\t\t\tmargin-left: 0;\n\t\t\t}\n\t\t\t\/* see gallery_shortcode() in wp-includes\/media.php *\/\n\t\t<\/style>\n\t\t<div data-carousel-extra='{&quot;blog_id&quot;:1,&quot;permalink&quot;:&quot;https:\/\/www.decintivillalon.com\/en\/la-academia-de-pintura\/cursos\/pintura-al-oleo-en-madrid\/&quot;}' id='gallery-2' class='gallery galleryid-29 gallery-columns-3 gallery-size-thumbnail'><dl class='gallery-item'>\n\t\t\t<dt class='gallery-icon landscape'>\n\t\t\t\t<a href='https:\/\/www.decintivillalon.com\/en\/la-academia-de-pintura\/cursos\/pintura-al-oleo-en-madrid\/1-dsc_0088\/'><img loading=\"lazy\" decoding=\"async\" width=\"150\" height=\"150\" src=\"https:\/\/i0.wp.com\/www.decintivillalon.com\/wp-content\/uploads\/2012\/01\/1-DSC_0088-e1683978017369.jpg?resize=150%2C150&amp;ssl=1\" class=\"attachment-thumbnail size-thumbnail\" alt=\"Cursos de Pintura Infantil\" srcset=\"https:\/\/i0.wp.com\/www.decintivillalon.com\/wp-content\/uploads\/2012\/01\/1-DSC_0088-e1683978017369.jpg?w=768&amp;ssl=1 768w, https:\/\/i0.wp.com\/www.decintivillalon.com\/wp-content\/uploads\/2012\/01\/1-DSC_0088-e1683978017369.jpg?resize=150%2C150&amp;ssl=1 150w, https:\/\/i0.wp.com\/www.decintivillalon.com\/wp-content\/uploads\/2012\/01\/1-DSC_0088-e1683978017369.jpg?resize=300%2C300&amp;ssl=1 300w\" sizes=\"auto, (max-width: 150px) 100vw, 150px\" data-attachment-id=\"3875\" data-permalink=\"https:\/\/www.decintivillalon.com\/en\/la-academia-de-pintura\/cursos\/pintura-al-oleo-en-madrid\/1-dsc_0088\/\" data-orig-file=\"https:\/\/i0.wp.com\/www.decintivillalon.com\/wp-content\/uploads\/2012\/01\/1-DSC_0088-e1683978017369.jpg?fit=768%2C768&amp;ssl=1\" data-orig-size=\"768,768\" data-comments-opened=\"1\" data-image-meta=\"{&quot;aperture&quot;:&quot;0&quot;,&quot;credit&quot;:&quot;Picasa&quot;,&quot;camera&quot;:&quot;&quot;,&quot;caption&quot;:&quot;&quot;,&quot;created_timestamp&quot;:&quot;1413836656&quot;,&quot;copyright&quot;:&quot;&quot;,&quot;focal_length&quot;:&quot;0&quot;,&quot;iso&quot;:&quot;0&quot;,&quot;shutter_speed&quot;:&quot;0&quot;,&quot;title&quot;:&quot;&quot;,&quot;orientation&quot;:&quot;0&quot;}\" data-image-title=\"Cursos de Pintura Infantil\" data-image-description=\"\" data-image-caption=\"\" data-medium-file=\"https:\/\/i0.wp.com\/www.decintivillalon.com\/wp-content\/uploads\/2012\/01\/1-DSC_0088-e1683978017369.jpg?fit=300%2C300&amp;ssl=1\" data-large-file=\"https:\/\/i0.wp.com\/www.decintivillalon.com\/wp-content\/uploads\/2012\/01\/1-DSC_0088-e1683978017369.jpg?fit=1024%2C682&amp;ssl=1\" \/><\/a>\n\t\t\t<\/dt><\/dl><dl class='gallery-item'>\n\t\t\t<dt class='gallery-icon landscape'>\n\t\t\t\t<a href='https:\/\/www.decintivillalon.com\/en\/la-academia-de-pintura\/cursos\/pintura-al-oleo-en-madrid\/2-2013-06-28-19-53-31\/'><img loading=\"lazy\" decoding=\"async\" width=\"150\" height=\"150\" src=\"https:\/\/i0.wp.com\/www.decintivillalon.com\/wp-content\/uploads\/2012\/01\/2-2013-06-28-19.53.31.jpg?resize=150%2C150&amp;ssl=1\" class=\"attachment-thumbnail size-thumbnail\" alt=\"\" srcset=\"https:\/\/i0.wp.com\/www.decintivillalon.com\/wp-content\/uploads\/2012\/01\/2-2013-06-28-19.53.31.jpg?resize=150%2C150&amp;ssl=1 150w, https:\/\/i0.wp.com\/www.decintivillalon.com\/wp-content\/uploads\/2012\/01\/2-2013-06-28-19.53.31.jpg?zoom=2&amp;resize=150%2C150&amp;ssl=1 300w, https:\/\/i0.wp.com\/www.decintivillalon.com\/wp-content\/uploads\/2012\/01\/2-2013-06-28-19.53.31.jpg?zoom=3&amp;resize=150%2C150&amp;ssl=1 450w\" sizes=\"auto, (max-width: 150px) 100vw, 150px\" data-attachment-id=\"3876\" data-permalink=\"https:\/\/www.decintivillalon.com\/en\/la-academia-de-pintura\/cursos\/pintura-al-oleo-en-madrid\/2-2013-06-28-19-53-31\/\" data-orig-file=\"https:\/\/i0.wp.com\/www.decintivillalon.com\/wp-content\/uploads\/2012\/01\/2-2013-06-28-19.53.31.jpg?fit=1024%2C768&amp;ssl=1\" data-orig-size=\"1024,768\" data-comments-opened=\"1\" data-image-meta=\"{&quot;aperture&quot;:&quot;0&quot;,&quot;credit&quot;:&quot;Picasa&quot;,&quot;camera&quot;:&quot;&quot;,&quot;caption&quot;:&quot;&quot;,&quot;created_timestamp&quot;:&quot;1413836611&quot;,&quot;copyright&quot;:&quot;&quot;,&quot;focal_length&quot;:&quot;0&quot;,&quot;iso&quot;:&quot;0&quot;,&quot;shutter_speed&quot;:&quot;0&quot;,&quot;title&quot;:&quot;&quot;,&quot;orientation&quot;:&quot;0&quot;}\" data-image-title=\"2-2013-06-28 19.53.31\" data-image-description=\"\" data-image-caption=\"\" data-medium-file=\"https:\/\/i0.wp.com\/www.decintivillalon.com\/wp-content\/uploads\/2012\/01\/2-2013-06-28-19.53.31.jpg?fit=300%2C225&amp;ssl=1\" data-large-file=\"https:\/\/i0.wp.com\/www.decintivillalon.com\/wp-content\/uploads\/2012\/01\/2-2013-06-28-19.53.31.jpg?fit=1024%2C768&amp;ssl=1\" \/><\/a>\n\t\t\t<\/dt><\/dl><dl class='gallery-item'>\n\t\t\t<dt class='gallery-icon landscape'>\n\t\t\t\t<a href='https:\/\/www.decintivillalon.com\/en\/la-academia-de-pintura\/cursos\/pintura-al-oleo-en-madrid\/3-2013-06-10-12-03-01\/'><img loading=\"lazy\" decoding=\"async\" width=\"150\" height=\"150\" src=\"https:\/\/i0.wp.com\/www.decintivillalon.com\/wp-content\/uploads\/2012\/01\/3-2013-06-10-12.03.01.jpg?resize=150%2C150&amp;ssl=1\" class=\"attachment-thumbnail size-thumbnail\" alt=\"\" srcset=\"https:\/\/i0.wp.com\/www.decintivillalon.com\/wp-content\/uploads\/2012\/01\/3-2013-06-10-12.03.01.jpg?resize=150%2C150&amp;ssl=1 150w, https:\/\/i0.wp.com\/www.decintivillalon.com\/wp-content\/uploads\/2012\/01\/3-2013-06-10-12.03.01.jpg?zoom=2&amp;resize=150%2C150&amp;ssl=1 300w, https:\/\/i0.wp.com\/www.decintivillalon.com\/wp-content\/uploads\/2012\/01\/3-2013-06-10-12.03.01.jpg?zoom=3&amp;resize=150%2C150&amp;ssl=1 450w\" sizes=\"auto, (max-width: 150px) 100vw, 150px\" data-attachment-id=\"3877\" data-permalink=\"https:\/\/www.decintivillalon.com\/en\/la-academia-de-pintura\/cursos\/pintura-al-oleo-en-madrid\/3-2013-06-10-12-03-01\/\" data-orig-file=\"https:\/\/i0.wp.com\/www.decintivillalon.com\/wp-content\/uploads\/2012\/01\/3-2013-06-10-12.03.01.jpg?fit=1024%2C768&amp;ssl=1\" data-orig-size=\"1024,768\" data-comments-opened=\"1\" data-image-meta=\"{&quot;aperture&quot;:&quot;0&quot;,&quot;credit&quot;:&quot;Picasa&quot;,&quot;camera&quot;:&quot;&quot;,&quot;caption&quot;:&quot;&quot;,&quot;created_timestamp&quot;:&quot;1413836586&quot;,&quot;copyright&quot;:&quot;&quot;,&quot;focal_length&quot;:&quot;0&quot;,&quot;iso&quot;:&quot;0&quot;,&quot;shutter_speed&quot;:&quot;0&quot;,&quot;title&quot;:&quot;&quot;,&quot;orientation&quot;:&quot;0&quot;}\" data-image-title=\"3-2013-06-10 12.03.01\" data-image-description=\"\" data-image-caption=\"\" data-medium-file=\"https:\/\/i0.wp.com\/www.decintivillalon.com\/wp-content\/uploads\/2012\/01\/3-2013-06-10-12.03.01.jpg?fit=300%2C225&amp;ssl=1\" data-large-file=\"https:\/\/i0.wp.com\/www.decintivillalon.com\/wp-content\/uploads\/2012\/01\/3-2013-06-10-12.03.01.jpg?fit=1024%2C768&amp;ssl=1\" \/><\/a>\n\t\t\t<\/dt><\/dl><br style=\"clear: both\" \/><dl class='gallery-item'>\n\t\t\t<dt class='gallery-icon landscape'>\n\t\t\t\t<a href='https:\/\/www.decintivillalon.com\/en\/la-academia-de-pintura\/cursos\/pintura-al-oleo-en-madrid\/4-img_1971\/'><img loading=\"lazy\" decoding=\"async\" width=\"150\" height=\"150\" src=\"https:\/\/i0.wp.com\/www.decintivillalon.com\/wp-content\/uploads\/2012\/01\/4-IMG_1971.jpg?resize=150%2C150&amp;ssl=1\" class=\"attachment-thumbnail size-thumbnail\" alt=\"\" srcset=\"https:\/\/i0.wp.com\/www.decintivillalon.com\/wp-content\/uploads\/2012\/01\/4-IMG_1971.jpg?resize=150%2C150&amp;ssl=1 150w, https:\/\/i0.wp.com\/www.decintivillalon.com\/wp-content\/uploads\/2012\/01\/4-IMG_1971.jpg?zoom=2&amp;resize=150%2C150&amp;ssl=1 300w, https:\/\/i0.wp.com\/www.decintivillalon.com\/wp-content\/uploads\/2012\/01\/4-IMG_1971.jpg?zoom=3&amp;resize=150%2C150&amp;ssl=1 450w\" sizes=\"auto, (max-width: 150px) 100vw, 150px\" data-attachment-id=\"3878\" data-permalink=\"https:\/\/www.decintivillalon.com\/en\/la-academia-de-pintura\/cursos\/pintura-al-oleo-en-madrid\/4-img_1971\/\" data-orig-file=\"https:\/\/i0.wp.com\/www.decintivillalon.com\/wp-content\/uploads\/2012\/01\/4-IMG_1971.jpg?fit=1152%2C768&amp;ssl=1\" data-orig-size=\"1152,768\" data-comments-opened=\"1\" data-image-meta=\"{&quot;aperture&quot;:&quot;0&quot;,&quot;credit&quot;:&quot;Picasa&quot;,&quot;camera&quot;:&quot;&quot;,&quot;caption&quot;:&quot;&quot;,&quot;created_timestamp&quot;:&quot;1413836535&quot;,&quot;copyright&quot;:&quot;&quot;,&quot;focal_length&quot;:&quot;0&quot;,&quot;iso&quot;:&quot;0&quot;,&quot;shutter_speed&quot;:&quot;0&quot;,&quot;title&quot;:&quot;&quot;,&quot;orientation&quot;:&quot;0&quot;}\" data-image-title=\"4-IMG_1971\" data-image-description=\"\" data-image-caption=\"\" data-medium-file=\"https:\/\/i0.wp.com\/www.decintivillalon.com\/wp-content\/uploads\/2012\/01\/4-IMG_1971.jpg?fit=300%2C200&amp;ssl=1\" data-large-file=\"https:\/\/i0.wp.com\/www.decintivillalon.com\/wp-content\/uploads\/2012\/01\/4-IMG_1971.jpg?fit=1024%2C682&amp;ssl=1\" \/><\/a>\n\t\t\t<\/dt><\/dl><dl class='gallery-item'>\n\t\t\t<dt class='gallery-icon landscape'>\n\t\t\t\t<a href='https:\/\/www.decintivillalon.com\/en\/la-academia-de-pintura\/cursos\/pintura-al-oleo-en-madrid\/5-img_1967\/'><img loading=\"lazy\" decoding=\"async\" width=\"150\" height=\"150\" src=\"https:\/\/i0.wp.com\/www.decintivillalon.com\/wp-content\/uploads\/2012\/01\/5-IMG_1967.jpg?resize=150%2C150&amp;ssl=1\" class=\"attachment-thumbnail size-thumbnail\" alt=\"\" srcset=\"https:\/\/i0.wp.com\/www.decintivillalon.com\/wp-content\/uploads\/2012\/01\/5-IMG_1967.jpg?resize=150%2C150&amp;ssl=1 150w, https:\/\/i0.wp.com\/www.decintivillalon.com\/wp-content\/uploads\/2012\/01\/5-IMG_1967.jpg?zoom=2&amp;resize=150%2C150&amp;ssl=1 300w, https:\/\/i0.wp.com\/www.decintivillalon.com\/wp-content\/uploads\/2012\/01\/5-IMG_1967.jpg?zoom=3&amp;resize=150%2C150&amp;ssl=1 450w\" sizes=\"auto, (max-width: 150px) 100vw, 150px\" data-attachment-id=\"3879\" data-permalink=\"https:\/\/www.decintivillalon.com\/en\/la-academia-de-pintura\/cursos\/pintura-al-oleo-en-madrid\/5-img_1967\/\" data-orig-file=\"https:\/\/i0.wp.com\/www.decintivillalon.com\/wp-content\/uploads\/2012\/01\/5-IMG_1967.jpg?fit=1152%2C768&amp;ssl=1\" data-orig-size=\"1152,768\" data-comments-opened=\"1\" data-image-meta=\"{&quot;aperture&quot;:&quot;0&quot;,&quot;credit&quot;:&quot;Picasa&quot;,&quot;camera&quot;:&quot;&quot;,&quot;caption&quot;:&quot;&quot;,&quot;created_timestamp&quot;:&quot;1413836513&quot;,&quot;copyright&quot;:&quot;&quot;,&quot;focal_length&quot;:&quot;0&quot;,&quot;iso&quot;:&quot;0&quot;,&quot;shutter_speed&quot;:&quot;0&quot;,&quot;title&quot;:&quot;&quot;,&quot;orientation&quot;:&quot;0&quot;}\" data-image-title=\"5-IMG_1967\" data-image-description=\"\" data-image-caption=\"\" data-medium-file=\"https:\/\/i0.wp.com\/www.decintivillalon.com\/wp-content\/uploads\/2012\/01\/5-IMG_1967.jpg?fit=300%2C200&amp;ssl=1\" data-large-file=\"https:\/\/i0.wp.com\/www.decintivillalon.com\/wp-content\/uploads\/2012\/01\/5-IMG_1967.jpg?fit=1024%2C682&amp;ssl=1\" \/><\/a>\n\t\t\t<\/dt><\/dl><dl class='gallery-item'>\n\t\t\t<dt class='gallery-icon landscape'>\n\t\t\t\t<a href='https:\/\/www.decintivillalon.com\/en\/la-academia-de-pintura\/cursos\/pintura-al-oleo-en-madrid\/6-20140905_200359\/'><img loading=\"lazy\" decoding=\"async\" width=\"150\" height=\"150\" src=\"https:\/\/i0.wp.com\/www.decintivillalon.com\/wp-content\/uploads\/2012\/01\/6-20140905_200359.jpg?resize=150%2C150&amp;ssl=1\" class=\"attachment-thumbnail size-thumbnail\" alt=\"\" srcset=\"https:\/\/i0.wp.com\/www.decintivillalon.com\/wp-content\/uploads\/2012\/01\/6-20140905_200359.jpg?resize=150%2C150&amp;ssl=1 150w, https:\/\/i0.wp.com\/www.decintivillalon.com\/wp-content\/uploads\/2012\/01\/6-20140905_200359.jpg?zoom=2&amp;resize=150%2C150&amp;ssl=1 300w, https:\/\/i0.wp.com\/www.decintivillalon.com\/wp-content\/uploads\/2012\/01\/6-20140905_200359.jpg?zoom=3&amp;resize=150%2C150&amp;ssl=1 450w\" sizes=\"auto, (max-width: 150px) 100vw, 150px\" data-attachment-id=\"3880\" data-permalink=\"https:\/\/www.decintivillalon.com\/en\/la-academia-de-pintura\/cursos\/pintura-al-oleo-en-madrid\/6-20140905_200359\/\" data-orig-file=\"https:\/\/i0.wp.com\/www.decintivillalon.com\/wp-content\/uploads\/2012\/01\/6-20140905_200359.jpg?fit=1200%2C675&amp;ssl=1\" data-orig-size=\"1200,675\" data-comments-opened=\"1\" data-image-meta=\"{&quot;aperture&quot;:&quot;0&quot;,&quot;credit&quot;:&quot;Picasa&quot;,&quot;camera&quot;:&quot;&quot;,&quot;caption&quot;:&quot;&quot;,&quot;created_timestamp&quot;:&quot;1413836478&quot;,&quot;copyright&quot;:&quot;&quot;,&quot;focal_length&quot;:&quot;0&quot;,&quot;iso&quot;:&quot;0&quot;,&quot;shutter_speed&quot;:&quot;0&quot;,&quot;title&quot;:&quot;&quot;,&quot;orientation&quot;:&quot;0&quot;}\" data-image-title=\"6-20140905_200359\" data-image-description=\"\" data-image-caption=\"\" data-medium-file=\"https:\/\/i0.wp.com\/www.decintivillalon.com\/wp-content\/uploads\/2012\/01\/6-20140905_200359.jpg?fit=300%2C168&amp;ssl=1\" data-large-file=\"https:\/\/i0.wp.com\/www.decintivillalon.com\/wp-content\/uploads\/2012\/01\/6-20140905_200359.jpg?fit=1024%2C576&amp;ssl=1\" \/><\/a>\n\t\t\t<\/dt><\/dl><br style=\"clear: both\" \/>\n\t\t<\/div>\n\n<h4 align=\"left\">Time tables:<\/h4>\n<p align=\"left\"><strong>Morning Session (10 am &#8211; 2 pm)\u00a0<\/strong><br \/>\nMonday, Tuesday, Wednesday, Thursday, Friday<\/p>\n<p align=\"left\"><strong>Afternoon Session (4 pm &#8211; 8 pm)<\/strong><br \/>\nTuesday, Wednesday, Thursday, Friday<\/p>\n<p align=\"left\"><strong>Saturdays (11:00 &#8211; 14:00 hrs.)<\/strong><\/p>\n<p align=\"left\"><em>*We reserve the right of admission to the studio.<\/em><strong><br \/>\n<\/strong><\/p>\n<h4>Contenidos<\/h4>\n<ol start=\"1\">\n<li>T\u00c9CNICAS Y MATERIALES DE LA PINTURA CONTEMPOR\u00c1NEA: Estudio de los distintos componentes utilizados en la pintura, sus caracter\u00edsticas y variables. Introducci\u00f3n a los aspectos f\u00edsicos y qu\u00edmicos de los medios y soportes pict\u00f3ricos.<\/li>\n<\/ol>\n<p style=\"padding-left: 0px;\">Teor\u00eda y pr\u00e1ctica en:<\/p>\n<ol style=\"padding-left: 0px;\">\n<li>T\u00c9CNICA DE LA PINTURA R\u00c1PIDA: Estudio e investigaci\u00f3n de las condiciones que preceden la creaci\u00f3n de una obra. En el curso se desarrollan bocetos y apuntes que elaboren el marco conceptual y t\u00e9cnico para la realizaci\u00f3n de una pintura. El curso pretende desarrollar rapidez y destreza en la concreci\u00f3n de una imagen.<\/li>\n<li>GRISALLA CONTEMPOR\u00c1NEA Y APROXIMACI\u00d3N AL REALISMO ESPA\u00d1OL: El estudiante profundiza en la utilizaci\u00f3n de algunas de las alternativas del \u00f3leo-alqu\u00edlico en la ejecuci\u00f3n del m\u00e9todo de pintura por capas basado en la construcci\u00f3n de la imagen monocroma que posteriormente se colorea con el tradicional m\u00e9todo de la veladura y el empaste final desde la concepci\u00f3n del color espa\u00f1ola contempor\u00e1nea.<\/li>\n<li>PINTURA DE LA FIGURA HUMANA: El curso hace hincapi\u00e9 en los nuevos acercamientos al cuerpo humano como objeto, sujeto y s\u00edmbolo art\u00edstico. Se enfoca en las variadas formas de interpretar el modelo como elemento pict\u00f3rico.<\/li>\n<li>PINTURA RETRATO: Estudio y pr\u00e1ctica de los procesos pict\u00f3ricos del g\u00e9nero del retrato. El curso hace hincapi\u00e9 en el acercamiento conceptual, dise\u00f1o, composici\u00f3n y estilos utilizados a trav\u00e9s de los tiempos en la elaboraci\u00f3n de un retrato.<\/li>\n<li>PINTURA EN GRAN FORMATO: Introducci\u00f3n a los procesos pict\u00f3ricos en la realizaci\u00f3n de obra de gran formato. Se discuten ejemplos hist\u00f3ricos, conceptos, procesos t\u00e9cnicos, equipo y materiales especiales que requiere este g\u00e9nero. Comprende la realizaci\u00f3n de bocetos y anteproyectos.<\/li>\n<li>PINTURA PAISAJE: Estudio de la forma, composici\u00f3n, perspectiva, color y atm\u00f3sfera, en funci\u00f3n de los diversos g\u00e9neros del paisaje: paisaje urbano, rural, marino y abstracto.<\/li>\n<\/ol>\n<ol start=\"2\">\n<li>PENSAMIENTO VISUAL: \u00a0<span style=\"font-size: 13px;\">Estudio de los fen\u00f3menos de la percepci\u00f3n visual y los principios relacionados con la\u00a0<\/span><span style=\"font-size: 13px;\">composici\u00f3n del color. Se subraya la idea de que el producto art\u00edstico relaciona su\u00a0<\/span><span style=\"font-size: 13px;\">contenido expresivo sin separarlo del formal. Se analizan las caracter\u00edsticas de la\u00a0<\/span><span style=\"font-size: 13px;\">percepci\u00f3n, bas\u00e1ndose en los trabajos desarrollados en el taller.<\/span><span style=\"font-size: 13px;\">\u00a0<\/span><\/li>\n<\/ol>\n<ol start=\"3\">\n<li>COMPOSICI\u00d3N Y REPRODUCCI\u00d3N DIGITAL APLICADA A LA PINTURA:\u00a0<span style=\"font-size: 13px;\">Software de edici\u00f3n fotogr\u00e1fica, utilizaci\u00f3n y aplicaciones pr\u00e1cticas.<\/span><\/li>\n<\/ol>","protected":false},"excerpt":{"rendered":"<p>Index &gt; Academy in Madrid &gt; Courses &gt; Oil painting and creative drawing Ongoing Training. The Oil Painting and Creative Drawing courses take place simultaneously and in the same work space. The aim is to help students fulfill their greatest potential in these disciplines. It is our intention and desire that our students develop the [&#8230;]<\/p>\n","protected":false},"author":1,"featured_media":6712,"parent":26,"menu_order":0,"comment_status":"closed","ping_status":"closed","template":"page.gamma.php","meta":{"_acf_changed":false,"footnotes":""},"yst_prominent_words":[1720,2034,1685,1719,1690,1691,257,1684,1495,1688,46,36,1686,1689,1722,1683,1721,1687,1726,2033],"class_list":["post-29","page","type-page","status-publish","has-post-thumbnail","hentry"],"acf":[],"yoast_head":"<!-- This site is optimized with the Yoast SEO Premium plugin v14.1 - https:\/\/yoast.com\/wordpress\/plugins\/seo\/ -->\n<meta name=\"description\" content=\"Alejandro DeCinti y Oscar Villal\u00f3n, expertos en cursos pintura \u00f3leo y dibujo art\u00edstico con m\u00e1s de 25 a\u00f1os de experiencia. Artistas trayectoria internacional\" \/>\n<meta name=\"robots\" content=\"index, follow\" \/>\n<meta name=\"googlebot\" content=\"index, follow, max-snippet:-1, max-image-preview:large, max-video-preview:-1\" \/>\n<meta name=\"bingbot\" content=\"index, follow, max-snippet:-1, max-image-preview:large, max-video-preview:-1\" \/>\n<link rel=\"canonical\" href=\"https:\/\/www.decintivillalon.com\/la-academia-de-pintura\/cursos\/pintura-al-oleo-en-madrid\/\" \/>\n<meta property=\"og:locale\" content=\"en_US\" \/>\n<meta property=\"og:type\" content=\"article\" \/>\n<meta property=\"og:title\" content=\"Clases de pintura al \u00f3leo y dibujo para todos los niveles. Somos expertos.\" \/>\n<meta property=\"og:description\" content=\"Alejandro DeCinti y Oscar Villal\u00f3n, expertos en cursos pintura \u00f3leo y dibujo art\u00edstico con m\u00e1s de 25 a\u00f1os de experiencia. Artistas trayectoria internacional\" \/>\n<meta property=\"og:url\" content=\"https:\/\/www.decintivillalon.com\/la-academia-de-pintura\/cursos\/pintura-al-oleo-en-madrid\/\" \/>\n<meta property=\"og:site_name\" content=\"DeCinti Villal\u00f3n: Academia de Pintura en Madrid D V Madrid, Academia de Pintura de Madrid | \u00d3leo | Acuarela | Dibujo\" \/>\n<meta property=\"article:publisher\" content=\"https:\/\/www.facebook.com\/ADVMadrid\" \/>\n<meta property=\"article:modified_time\" content=\"2025-04-04T15:34:32+00:00\" \/>\n<meta property=\"og:image\" content=\"https:\/\/i0.wp.com\/www.decintivillalon.com\/wp-content\/uploads\/2016\/12\/2014ClasesMayo-001.jpg?fit=1200%2C750&#038;ssl=1\" \/>\n\t<meta property=\"og:image:width\" content=\"1200\" \/>\n\t<meta property=\"og:image:height\" content=\"750\" \/>\n<script type=\"application\/ld+json\" class=\"yoast-schema-graph\">{\"@context\":\"https:\/\/schema.org\",\"@graph\":[{\"@type\":\"Organization\",\"@id\":\"https:\/\/www.decintivillalon.com\/en\/#organization\",\"name\":\"DeCinti & Vilall\\u00f3n S.L.\",\"url\":\"https:\/\/www.decintivillalon.com\/en\/\",\"sameAs\":[\"https:\/\/www.facebook.com\/ADVMadrid\",\"https:\/\/www.youtube.com\/user\/artedv\"],\"logo\":{\"@type\":\"ImageObject\",\"@id\":\"https:\/\/www.decintivillalon.com\/en\/#logo\",\"inLanguage\":\"en-US\",\"url\":\"https:\/\/i0.wp.com\/www.decintivillalon.com\/wp-content\/uploads\/2014\/11\/1-logodv-0011.jpg?fit=80%2C80&ssl=1\",\"width\":80,\"height\":80,\"caption\":\"DeCinti & Vilall\\u00f3n S.L.\"},\"image\":{\"@id\":\"https:\/\/www.decintivillalon.com\/en\/#logo\"}},{\"@type\":\"WebSite\",\"@id\":\"https:\/\/www.decintivillalon.com\/en\/#website\",\"url\":\"https:\/\/www.decintivillalon.com\/en\/\",\"name\":\"DeCinti Villal\\u00f3n: Academia de Pintura en Madrid D V Madrid, Academia de Pintura de Madrid | \\u00d3leo | Acuarela | Dibujo\",\"description\":\"Curso nacional e internacional. Profesores expertos Academia de Pintura Especialistas en \\u00d3leo\",\"publisher\":{\"@id\":\"https:\/\/www.decintivillalon.com\/en\/#organization\"},\"potentialAction\":[{\"@type\":\"SearchAction\",\"target\":\"https:\/\/www.decintivillalon.com\/en\/?s={search_term_string}\",\"query-input\":\"required name=search_term_string\"}],\"inLanguage\":\"en-US\"},{\"@type\":\"ImageObject\",\"@id\":\"https:\/\/www.decintivillalon.com\/la-academia-de-pintura\/cursos\/pintura-al-oleo-en-madrid\/#primaryimage\",\"inLanguage\":\"en-US\",\"url\":\"https:\/\/i0.wp.com\/www.decintivillalon.com\/wp-content\/uploads\/2016\/12\/2014ClasesMayo-001.jpg?fit=1200%2C750&ssl=1\",\"width\":1200,\"height\":750},{\"@type\":\"WebPage\",\"@id\":\"https:\/\/www.decintivillalon.com\/la-academia-de-pintura\/cursos\/pintura-al-oleo-en-madrid\/#webpage\",\"url\":\"https:\/\/www.decintivillalon.com\/la-academia-de-pintura\/cursos\/pintura-al-oleo-en-madrid\/\",\"name\":\"Clases de pintura al \\u00f3leo y dibujo para todos los niveles. Somos expertos.\",\"isPartOf\":{\"@id\":\"https:\/\/www.decintivillalon.com\/en\/#website\"},\"primaryImageOfPage\":{\"@id\":\"https:\/\/www.decintivillalon.com\/la-academia-de-pintura\/cursos\/pintura-al-oleo-en-madrid\/#primaryimage\"},\"datePublished\":\"2012-01-07T20:53:52+00:00\",\"dateModified\":\"2025-04-04T15:34:32+00:00\",\"description\":\"Alejandro DeCinti y Oscar Villal\\u00f3n, expertos en cursos pintura \\u00f3leo y dibujo art\\u00edstico con m\\u00e1s de 25 a\\u00f1os de experiencia. Artistas trayectoria internacional\",\"breadcrumb\":{\"@id\":\"https:\/\/www.decintivillalon.com\/la-academia-de-pintura\/cursos\/pintura-al-oleo-en-madrid\/#breadcrumb\"},\"inLanguage\":\"en-US\",\"potentialAction\":[{\"@type\":\"ReadAction\",\"target\":[\"https:\/\/www.decintivillalon.com\/la-academia-de-pintura\/cursos\/pintura-al-oleo-en-madrid\/\"]}]},{\"@type\":\"BreadcrumbList\",\"@id\":\"https:\/\/www.decintivillalon.com\/la-academia-de-pintura\/cursos\/pintura-al-oleo-en-madrid\/#breadcrumb\",\"itemListElement\":[{\"@type\":\"ListItem\",\"position\":1,\"item\":{\"@type\":\"WebPage\",\"@id\":\"https:\/\/www.decintivillalon.com\/\",\"url\":\"https:\/\/www.decintivillalon.com\/\",\"name\":\"Portada\"}},{\"@type\":\"ListItem\",\"position\":2,\"item\":{\"@type\":\"WebPage\",\"@id\":\"https:\/\/www.decintivillalon.com\/la-academia-de-pintura\/cursos\/\",\"url\":\"https:\/\/www.decintivillalon.com\/la-academia-de-pintura\/cursos\/\",\"name\":\"Cursos\"}},{\"@type\":\"ListItem\",\"position\":3,\"item\":{\"@type\":\"WebPage\",\"@id\":\"https:\/\/www.decintivillalon.com\/la-academia-de-pintura\/\",\"url\":\"https:\/\/www.decintivillalon.com\/la-academia-de-pintura\/\",\"name\":\"Equipo\"}},{\"@type\":\"ListItem\",\"position\":4,\"item\":{\"@type\":\"WebPage\",\"@id\":\"https:\/\/www.decintivillalon.com\/la-academia-de-pintura\/cursos\/pintura-al-oleo-en-madrid\/\",\"url\":\"https:\/\/www.decintivillalon.com\/la-academia-de-pintura\/cursos\/pintura-al-oleo-en-madrid\/\",\"name\":\"Pintura al \\u00f3leo y dibujo art\\u00edstico\"}}]}]}<\/script>\n<!-- \/ Yoast SEO Premium plugin. -->","jetpack_shortlink":"https:\/\/wp.me\/P3Hbis-t","jetpack_sharing_enabled":true,"_links":{"self":[{"href":"https:\/\/www.decintivillalon.com\/en\/wp-json\/wp\/v2\/pages\/29","targetHints":{"allow":["GET"]}}],"collection":[{"href":"https:\/\/www.decintivillalon.com\/en\/wp-json\/wp\/v2\/pages"}],"about":[{"href":"https:\/\/www.decintivillalon.com\/en\/wp-json\/wp\/v2\/types\/page"}],"author":[{"embeddable":true,"href":"https:\/\/www.decintivillalon.com\/en\/wp-json\/wp\/v2\/users\/1"}],"replies":[{"embeddable":true,"href":"https:\/\/www.decintivillalon.com\/en\/wp-json\/wp\/v2\/comments?post=29"}],"version-history":[{"count":4,"href":"https:\/\/www.decintivillalon.com\/en\/wp-json\/wp\/v2\/pages\/29\/revisions"}],"predecessor-version":[{"id":20333,"href":"https:\/\/www.decintivillalon.com\/en\/wp-json\/wp\/v2\/pages\/29\/revisions\/20333"}],"up":[{"embeddable":true,"href":"https:\/\/www.decintivillalon.com\/en\/wp-json\/wp\/v2\/pages\/26"}],"wp:featuredmedia":[{"embeddable":true,"href":"https:\/\/www.decintivillalon.com\/en\/wp-json\/wp\/v2\/media\/6712"}],"wp:attachment":[{"href":"https:\/\/www.decintivillalon.com\/en\/wp-json\/wp\/v2\/media?parent=29"}],"wp:term":[{"taxonomy":"yst_prominent_words","embeddable":true,"href":"https:\/\/www.decintivillalon.com\/en\/wp-json\/wp\/v2\/yst_prominent_words?post=29"}],"curies":[{"name":"wp","href":"https:\/\/api.w.org\/{rel}","templated":true}]}}