{"id":13525,"date":"2022-01-20T09:36:41","date_gmt":"2022-01-20T09:36:41","guid":{"rendered":"https:\/\/www.decintivillalon.com\/?page_id=13525"},"modified":"2026-05-15T21:08:10","modified_gmt":"2026-05-15T21:08:10","slug":"dibujo-de-figura-humana-anatomica","status":"publish","type":"page","link":"https:\/\/www.decintivillalon.com\/en\/la-academia-de-pintura\/cursos\/dibujo-de-figura-humana-anatomica\/","title":{"rendered":"Dibujo de figura humana"},"content":{"rendered":"<h3><span style=\"font-weight: 400;\">Curso de dibujo de anatom\u00eda y retrato<\/span><\/h3>\n<p><span style=\"font-weight: 400;\">Adapt\u00e1ndose a las necesidades de cada alumno, este curso de dibujo para principiantes o avanzados ayudar\u00e1 al estudiante a indagar en los fundamentos del dibujo y la pintura, tales como el gesto, perspectiva, claroscuro\u00a0 y anatom\u00eda.<\/span><\/p>\n<p><span style=\"font-weight: 400;\">El dibujo es una disciplina art\u00edstica b\u00e1sica que proporciona habilidades para mejorar en cualquier otra t\u00e9cnica pict\u00f3rica. En el curso se realizar\u00e1n bodegones, retratos, figuras humanas, animales (dependiendo de la preferencia del alumno). Se ense\u00f1ar\u00e1n t\u00e9cnicas para el desarrollo de cualquiera de estos proyectos, como realizar medidas, el uso de las proporciones en el retrato y figura humana. La importancia de dibujar radica en su capacidad iterativa, en base a ejercicios lograremos formar memoria muscular, motricidad fina y conocimiento sobre c\u00f3mo nuestro ojo percibe la luz en la forma, para que podamos dibujar lo que sea y posteriormente entender mejor el color y la pintura.\u00a0<\/span><\/p>\n<p><span style=\"font-weight: 400;\">El dibujo se puede llevar a cabo con varias t\u00e9cnicas, utilizaremos carboncillo para dibujos de corta duraci\u00f3n y grafito para nuestros esfuerzos a largo plazo.\u00a0<\/span><\/p>\n<p><span style=\"font-weight: 400;\">Aprendiendo la t\u00e9cnica y adquiriendo las herramientas b\u00e1sicas para empezar, un aer\u00f3grafo y pintura adecuada, podr\u00e1s comenzar a practicar y poner en marcha tus propias composiciones y creaciones.<\/span><\/p>\n<p>&nbsp;<\/p>\n<p>&nbsp;<\/p>\n","protected":false},"excerpt":{"rendered":"<p>Curso de dibujo de anatom\u00eda y retrato Adapt\u00e1ndose a las necesidades de cada alumno, este curso de dibujo para principiantes o avanzados ayudar\u00e1 al estudiante a indagar en los fundamentos del dibujo y la pintura, tales como el gesto, perspectiva, claroscuro\u00a0 y anatom\u00eda. El dibujo es una disciplina art\u00edstica b\u00e1sica que proporciona habilidades para mejorar [&hellip;]<\/p>\n","protected":false},"author":1,"featured_media":0,"parent":26,"menu_order":7,"comment_status":"closed","ping_status":"closed","template":"","meta":{"footnotes":""},"yst_prominent_words":[321,53,55,46,102,63],"class_list":["post-13525","page","type-page","status-publish","hentry"],"yoast_head":"<!-- This site is optimized with the Yoast SEO Premium plugin v14.1 - https:\/\/yoast.com\/wordpress\/plugins\/seo\/ -->\n<title>Dibujo de figura humana | DeCinti Villal\u00f3n: Academia de Pintura en Madrid D V Madrid, Academia de Pintura de Madrid | \u00d3leo | Acuarela | Dibujo<\/title>\n<meta name=\"robots\" content=\"index, follow\" \/>\n<meta name=\"googlebot\" content=\"index, follow, max-snippet:-1, max-image-preview:large, max-video-preview:-1\" \/>\n<meta name=\"bingbot\" content=\"index, follow, max-snippet:-1, max-image-preview:large, max-video-preview:-1\" \/>\n<link rel=\"canonical\" href=\"https:\/\/www.decintivillalon.com\/la-academia-de-pintura\/cursos\/dibujo-de-figura-humana-anatomica\/\" \/>\n<meta property=\"og:locale\" content=\"en_US\" \/>\n<meta property=\"og:type\" content=\"article\" \/>\n<meta property=\"og:title\" content=\"Dibujo de figura humana | DeCinti Villal\u00f3n: Academia de Pintura en Madrid D V Madrid, Academia de Pintura de Madrid | \u00d3leo | Acuarela | Dibujo\" \/>\n<meta property=\"og:description\" content=\"Curso de dibujo de anatom\u00eda y retrato Adapt\u00e1ndose a las necesidades de cada alumno, este curso de dibujo para principiantes o avanzados ayudar\u00e1 al estudiante a indagar en los fundamentos del dibujo y la pintura, tales como el gesto, perspectiva, claroscuro\u00a0 y anatom\u00eda. El dibujo es una disciplina art\u00edstica b\u00e1sica que proporciona habilidades para mejorar [&hellip;]\" \/>\n<meta property=\"og:url\" content=\"https:\/\/www.decintivillalon.com\/la-academia-de-pintura\/cursos\/dibujo-de-figura-humana-anatomica\/\" \/>\n<meta property=\"og:site_name\" content=\"DeCinti Villal\u00f3n: Academia de Pintura en Madrid D V Madrid, Academia de Pintura de Madrid | \u00d3leo | Acuarela | Dibujo\" \/>\n<meta property=\"article:publisher\" content=\"https:\/\/www.facebook.com\/ADVMadrid\" \/>\n<meta property=\"article:modified_time\" content=\"2026-05-15T21:08:10+00:00\" \/>\n<meta property=\"og:image\" content=\"https:\/\/i0.wp.com\/www.decintivillalon.com\/wp-content\/uploads\/2018\/04\/banner-dvmadrid-2.jpg?fit=1000%2C432&#038;ssl=1\" \/>\n\t<meta property=\"og:image:width\" content=\"1000\" \/>\n\t<meta property=\"og:image:height\" content=\"432\" \/>\n<script type=\"application\/ld+json\" class=\"yoast-schema-graph\">{\"@context\":\"https:\/\/schema.org\",\"@graph\":[{\"@type\":\"Organization\",\"@id\":\"https:\/\/www.decintivillalon.com\/en\/#organization\",\"name\":\"DeCinti & Vilall\\u00f3n S.L.\",\"url\":\"https:\/\/www.decintivillalon.com\/en\/\",\"sameAs\":[\"https:\/\/www.facebook.com\/ADVMadrid\",\"https:\/\/www.youtube.com\/user\/artedv\"],\"logo\":{\"@type\":\"ImageObject\",\"@id\":\"https:\/\/www.decintivillalon.com\/en\/#logo\",\"inLanguage\":\"en-US\",\"url\":\"https:\/\/i0.wp.com\/www.decintivillalon.com\/wp-content\/uploads\/2014\/11\/1-logodv-0011.jpg?fit=80%2C80&ssl=1\",\"width\":80,\"height\":80,\"caption\":\"DeCinti & Vilall\\u00f3n S.L.\"},\"image\":{\"@id\":\"https:\/\/www.decintivillalon.com\/en\/#logo\"}},{\"@type\":\"WebSite\",\"@id\":\"https:\/\/www.decintivillalon.com\/en\/#website\",\"url\":\"https:\/\/www.decintivillalon.com\/en\/\",\"name\":\"DeCinti Villal\\u00f3n: Academia de Pintura en Madrid D V Madrid, Academia de Pintura de Madrid | \\u00d3leo | Acuarela | Dibujo\",\"description\":\"Curso nacional e internacional. Profesores expertos Academia de Pintura Especialistas en \\u00d3leo\",\"publisher\":{\"@id\":\"https:\/\/www.decintivillalon.com\/en\/#organization\"},\"potentialAction\":[{\"@type\":\"SearchAction\",\"target\":\"https:\/\/www.decintivillalon.com\/en\/?s={search_term_string}\",\"query-input\":\"required name=search_term_string\"}],\"inLanguage\":\"en-US\"},{\"@type\":\"WebPage\",\"@id\":\"https:\/\/www.decintivillalon.com\/la-academia-de-pintura\/cursos\/dibujo-de-figura-humana-anatomica\/#webpage\",\"url\":\"https:\/\/www.decintivillalon.com\/la-academia-de-pintura\/cursos\/dibujo-de-figura-humana-anatomica\/\",\"name\":\"Dibujo de figura humana | DeCinti Villal\\u00f3n: Academia de Pintura en Madrid D V Madrid, Academia de Pintura de Madrid | \\u00d3leo | Acuarela | Dibujo\",\"isPartOf\":{\"@id\":\"https:\/\/www.decintivillalon.com\/en\/#website\"},\"datePublished\":\"2022-01-20T09:36:41+00:00\",\"dateModified\":\"2026-05-15T21:08:10+00:00\",\"breadcrumb\":{\"@id\":\"https:\/\/www.decintivillalon.com\/la-academia-de-pintura\/cursos\/dibujo-de-figura-humana-anatomica\/#breadcrumb\"},\"inLanguage\":\"en-US\",\"potentialAction\":[{\"@type\":\"ReadAction\",\"target\":[\"https:\/\/www.decintivillalon.com\/la-academia-de-pintura\/cursos\/dibujo-de-figura-humana-anatomica\/\"]}]},{\"@type\":\"BreadcrumbList\",\"@id\":\"https:\/\/www.decintivillalon.com\/la-academia-de-pintura\/cursos\/dibujo-de-figura-humana-anatomica\/#breadcrumb\",\"itemListElement\":[{\"@type\":\"ListItem\",\"position\":1,\"item\":{\"@type\":\"WebPage\",\"@id\":\"https:\/\/www.decintivillalon.com\/\",\"url\":\"https:\/\/www.decintivillalon.com\/\",\"name\":\"Portada\"}},{\"@type\":\"ListItem\",\"position\":2,\"item\":{\"@type\":\"WebPage\",\"@id\":\"https:\/\/www.decintivillalon.com\/la-academia-de-pintura\/cursos\/\",\"url\":\"https:\/\/www.decintivillalon.com\/la-academia-de-pintura\/cursos\/\",\"name\":\"Cursos\"}},{\"@type\":\"ListItem\",\"position\":3,\"item\":{\"@type\":\"WebPage\",\"@id\":\"https:\/\/www.decintivillalon.com\/la-academia-de-pintura\/\",\"url\":\"https:\/\/www.decintivillalon.com\/la-academia-de-pintura\/\",\"name\":\"Equipo\"}},{\"@type\":\"ListItem\",\"position\":4,\"item\":{\"@type\":\"WebPage\",\"@id\":\"https:\/\/www.decintivillalon.com\/la-academia-de-pintura\/cursos\/dibujo-de-figura-humana-anatomica\/\",\"url\":\"https:\/\/www.decintivillalon.com\/la-academia-de-pintura\/cursos\/dibujo-de-figura-humana-anatomica\/\",\"name\":\"Dibujo de figura humana\"}}]}]}<\/script>\n<!-- \/ Yoast SEO Premium plugin. -->","jetpack_shortlink":"https:\/\/wp.me\/P3Hbis-3w9","jetpack_sharing_enabled":true,"_links":{"self":[{"href":"https:\/\/www.decintivillalon.com\/en\/wp-json\/wp\/v2\/pages\/13525","targetHints":{"allow":["GET"]}}],"collection":[{"href":"https:\/\/www.decintivillalon.com\/en\/wp-json\/wp\/v2\/pages"}],"about":[{"href":"https:\/\/www.decintivillalon.com\/en\/wp-json\/wp\/v2\/types\/page"}],"author":[{"embeddable":true,"href":"https:\/\/www.decintivillalon.com\/en\/wp-json\/wp\/v2\/users\/1"}],"replies":[{"embeddable":true,"href":"https:\/\/www.decintivillalon.com\/en\/wp-json\/wp\/v2\/comments?post=13525"}],"version-history":[{"count":6,"href":"https:\/\/www.decintivillalon.com\/en\/wp-json\/wp\/v2\/pages\/13525\/revisions"}],"predecessor-version":[{"id":13528,"href":"https:\/\/www.decintivillalon.com\/en\/wp-json\/wp\/v2\/pages\/13525\/revisions\/13528"}],"up":[{"embeddable":true,"href":"https:\/\/www.decintivillalon.com\/en\/wp-json\/wp\/v2\/pages\/26"}],"wp:attachment":[{"href":"https:\/\/www.decintivillalon.com\/en\/wp-json\/wp\/v2\/media?parent=13525"}],"wp:term":[{"taxonomy":"yst_prominent_words","embeddable":true,"href":"https:\/\/www.decintivillalon.com\/en\/wp-json\/wp\/v2\/yst_prominent_words?post=13525"}],"curies":[{"name":"wp","href":"https:\/\/api.w.org\/{rel}","templated":true}]}}