{"id":12,"date":"2012-01-07T20:46:19","date_gmt":"2012-01-07T20:46:19","guid":{"rendered":"http:\/\/www.decintivillalon.com\/cmsprueba\/?page_id=12"},"modified":"2018-07-06T08:31:48","modified_gmt":"2018-07-06T08:31:48","slug":"oscar-villalon","status":"publish","type":"page","link":"https:\/\/www.decintivillalon.com\/en\/oscar-villalon\/","title":{"rendered":"Oscar Villal\u00f3n"},"content":{"rendered":"<h1>Oscar Villal\u00f3n R\u00edos<\/h1>\n<p><a href=\"http:\/\/www.oscarvillalon.com\/\" target=\"_blank\">www.oscarvillalon.com<\/a><\/p>\n<p><a href=\"https:\/\/i0.wp.com\/www.decintivillalon.com\/wp-content\/uploads\/2012\/01\/foto.jpg\"><img data-recalc-dims=\"1\" loading=\"lazy\" decoding=\"async\" data-attachment-id=\"1082\" data-permalink=\"https:\/\/www.decintivillalon.com\/en\/oscar-villalon\/foto\/\" data-orig-file=\"https:\/\/i0.wp.com\/www.decintivillalon.com\/wp-content\/uploads\/2012\/01\/foto.jpg?fit=2048%2C2048&amp;ssl=1\" data-orig-size=\"2048,2048\" data-comments-opened=\"1\" data-image-meta=\"{&quot;aperture&quot;:&quot;4&quot;,&quot;credit&quot;:&quot;&quot;,&quot;camera&quot;:&quot;Canon EOS 400D DIGITAL&quot;,&quot;caption&quot;:&quot;&quot;,&quot;created_timestamp&quot;:&quot;1322950471&quot;,&quot;copyright&quot;:&quot;&quot;,&quot;focal_length&quot;:&quot;58&quot;,&quot;iso&quot;:&quot;400&quot;,&quot;shutter_speed&quot;:&quot;0.0166666666667&quot;,&quot;title&quot;:&quot;&quot;}\" data-image-title=\"foto\" data-image-description=\"&lt;p&gt;Oscar Villal\u00f3n&lt;\/p&gt;\n\" data-image-caption=\"&lt;p&gt;Foto:\u00a02011 \u00a9 Rafael Cruz Blanco.&lt;\/p&gt;\n\" data-medium-file=\"https:\/\/i0.wp.com\/www.decintivillalon.com\/wp-content\/uploads\/2012\/01\/foto.jpg?fit=300%2C300&amp;ssl=1\" data-large-file=\"https:\/\/i0.wp.com\/www.decintivillalon.com\/wp-content\/uploads\/2012\/01\/foto.jpg?fit=1024%2C1024&amp;ssl=1\" class=\"alignleft  wp-image-1082\" title=\"foto\" src=\"https:\/\/i0.wp.com\/www.decintivillalon.com\/wp-content\/uploads\/2012\/01\/foto-300x300.jpg?resize=180%2C180\" alt=\"\" width=\"180\" height=\"180\" srcset=\"https:\/\/i0.wp.com\/www.decintivillalon.com\/wp-content\/uploads\/2012\/01\/foto.jpg?resize=300%2C300&amp;ssl=1 300w, https:\/\/i0.wp.com\/www.decintivillalon.com\/wp-content\/uploads\/2012\/01\/foto.jpg?resize=150%2C150&amp;ssl=1 150w, https:\/\/i0.wp.com\/www.decintivillalon.com\/wp-content\/uploads\/2012\/01\/foto.jpg?resize=1024%2C1024&amp;ssl=1 1024w, https:\/\/i0.wp.com\/www.decintivillalon.com\/wp-content\/uploads\/2012\/01\/foto.jpg?w=2048&amp;ssl=1 2048w\" sizes=\"auto, (max-width: 180px) 100vw, 180px\" \/><\/a>Pintor chileno-espa\u00f1ol, Licenciado en Bellas Artes Universidad de Chile, radicado en Espa\u00f1a desde 2001.\u00a0Su obra adquirida por distintas instituciones, colecciones privadas y p\u00fablicas en la Uni\u00f3n Europea, Estados Unidos y Sudam\u00e9rica se enmarca dentro del movimiento denominado Nuevo Realismo Espa\u00f1ol.<\/p>\n<p>Fundador y Co-Director de la Academia de Pintura ArteDV en Madrid y del proyecto art\u00edstico\u00a0<a href=\"http:\/\/www.artedv.com\/\" target=\"_blank\"><strong>Decinti&amp;Villal\u00f3n<\/strong><\/a>\u00a0en 2003, junto al artista chileno-italiano<span style=\"text-decoration: underline;\">\u00a0<strong><a href=\"http:\/\/www.decinti.eu\" target=\"_blank\">Alejandro Decinti<\/a><\/strong><\/span>. \u00a0Creando un espacio formativo en\u00a0Madrid especializado en difusi\u00f3n de t\u00e9cnicas art\u00edsticas cl\u00e1sicas y\u00a0contempor\u00e1neas en el marco est\u00e9tico de la figuraci\u00f3n y la difusi\u00f3n\u00a0\u00a0como de convertir a las personas en artistas.\u00a0Desde 2007 dirige el proyecto internacional &#8220;Curso de pintura al Aire Libre&#8221; que se a desarrollado en La Toscana, Roma y Sicilia<\/p>\n<p>Foto:\u00a02011 \u00a9 Rafael Cruz Blanco.<\/p>\n<blockquote>\n<h3>\u00a0<strong>ACERCA DE LA SIMPLICIDAD Y DE LAS LIGERAS PERTURBACIONES DEL PENSAMIENTO \/ JES\u00d9S C\u00c1MARA<\/strong><\/h3>\n<div>\u00a0\u00d3scar Villal\u00f3n es un pintor realista espec\u00edfico y sumamente excepcional por la sobriedad y la elegancia de su discurso. La textura, el trazo y el color que emplea en sus obras hace que \u00e9stas resulten como un armonioso trabajo en el que un estrecho v\u00ednculo entre luz, forma y espacio hace evidente la voluntad del artista por idear y descubrir sobre lo conocido, por explorar de nuevo lo escudri\u00f1ado, haciendo palpable aquello que no fue visto por los dem\u00e1s. Esta manera de pintar revitaliza tambi\u00e9n el propio ejercicio de la pintura y lejos de posturas maximalistas y agoreras, proclama que la pintura realista y en concreto la espa\u00f1ola est\u00e1 a\u00fan m\u00e1s viva que nunca.\u00a0Nuestro artista ejemplifica la conciencia personal que embarga a muchos de los pintores de esta tendencia, saben que estas obras dejan de emocionar cuando sucumben a una representaci\u00f3n excesivamente acad\u00e9mica del mundo. Villal\u00f3n cede a un c\u00famulo de detalles, a un mundo donde las cosas aparentemente tienen su lugar propio, a \u00f3rdenes conocidos y sin sorpresas. Es precisamente por lograr la eliminaci\u00f3n de este exceso de detalles, y por la negativa a moverse sin m\u00e1s dentro del arco de los \u00f3rdenes acostumbrados, por lo que su obra ha luchado a lo largo de los a\u00f1os. Le ha llevado en diferentes momentos de su carrera a cimas inconfundibles. Para m\u00ed estas cimas se pueden resumir precisamente en los g\u00e9neros que presenta en esta muestra: la naturaleza muerta, el retrato, rincones de Italia \u2013especialmente la Toscana- y su \u00faltima serie de Venecia.<br \/>\nHa sido por encima de todo un movimiento hacia la simplicidad, hacia la expresi\u00f3n, a dejar que la obra respire, sugiera e incluya, y hacia una po\u00e9tica del silencio y del vac\u00edo. Me vienen a la memoria los retratos de Kasia, Divagaci\u00f3n, Dueto o El cronista Ra\u00fal Alonso y no puedo, sino encontrar ciertos tics caracter\u00edsticos de su manera de hacer; detalles casi zurbaranescos desperdigados en todos ellos. Un c\u00famulo de sensaciones inunda estos espacios. En concreto, en El cronista Ra\u00fal Alonso, crea un cierto aire flotante de la figura de campo entero, que conjura el juego de la memoria, una cierta sensaci\u00f3n de una presencia que domina un espacio, el de un hombre ensimismado en la lectura. Est\u00e1 tratando, en pocas palabras, con el espacio de vivir, que es uno de sus temas dominantes. En Libertango nos devuelve a im\u00e1genes de amor perdido o de amor que se pierde, perdidas en los silencios de un vac\u00edo que las rodea, pero en este caso son menos anecd\u00f3ticas o narrativas. Son poco m\u00e1s que sensaciones registradas, sin palabras, susurradas suave pero repetidamente. Estos retratos constituyen una muestra extraordinaria sobre el silencio, el vac\u00edo y la simplicidad, sobre las ligeras perturbaciones del sentimiento, y sobre la intensidad de lo que sigue sin declararse y lo que est\u00e1 siempre inmanente&#8230;&#8230;&#8230;.Para concluir, puedo decir que el trabajo de \u00d3scar Villal\u00f3n constituye una met\u00e1fora que estimula al espectador al ensue\u00f1o, a la inmersi\u00f3n en la obra. \u00c9l mismo describe sus pinturas como viajes en los que se pasea f\u00edsicamente a trav\u00e9s de la superficie. Y viene a cuento recordar lo que expres\u00e9 l\u00edneas atr\u00e1s, aunque me repita, sobre su pintura: una muestra extraordinaria sobre el silencio, el vac\u00edo y la simplicidad, sobre las ligeras perturbaciones del sentimiento.Os invito a mirar.<br \/>\n<strong>Jes\u00fas C\u00e1mara<\/strong><\/div>\n<div><strong><strong>De la Asociaci\u00f3n Espa\u00f1ola de Cr\u00edticos de Arte (AECA)<\/strong><\/strong><\/div>\n<div><strong><strong>Director del Museo Salvador Victoria. Rubielos de Mora (Teruel).<\/strong><\/strong><\/div>\n<div><\/div>\n<div><a href=\"http:\/\/www.oscarvillalon.org\/spanish\/info7.html\" target=\"_blank\">Extracto del\u00a0Cat\u00e1logo Oscar Villal\u00f3n, DV ediciones 2009.<\/a><\/p>\n<div><\/div>\n<\/div>\n<div><\/div>\n<div><\/div>\n<\/blockquote>","protected":false},"excerpt":{"rendered":"<p>Oscar Villal\u00f3n R\u00edos www.oscarvillalon.com Pintor chileno-espa\u00f1ol, Licenciado en Bellas Artes Universidad de Chile, radicado en Espa\u00f1a desde 2001.\u00a0Su obra adquirida por distintas instituciones, colecciones privadas y p\u00fablicas en la Uni\u00f3n Europea, Estados Unidos y Sudam\u00e9rica se enmarca dentro del movimiento denominado Nuevo Realismo Espa\u00f1ol. Fundador y Co-Director de la Academia de Pintura ArteDV en Madrid [&#8230;]<\/p>\n","protected":false},"author":1,"featured_media":0,"parent":0,"menu_order":4,"comment_status":"closed","ping_status":"closed","template":"","meta":{"_acf_changed":false,"footnotes":""},"yst_prominent_words":[],"class_list":["post-12","page","type-page","status-publish","hentry"],"acf":[],"yoast_head":"<!-- This site is optimized with the Yoast SEO Premium plugin v14.1 - https:\/\/yoast.com\/wordpress\/plugins\/seo\/ -->\n<meta name=\"description\" content=\"El artista chileno\" \/>\n<meta name=\"robots\" content=\"index, follow\" \/>\n<meta name=\"googlebot\" content=\"index, follow, max-snippet:-1, max-image-preview:large, max-video-preview:-1\" \/>\n<meta name=\"bingbot\" content=\"index, follow, max-snippet:-1, max-image-preview:large, max-video-preview:-1\" \/>\n<link rel=\"canonical\" href=\"https:\/\/www.decintivillalon.com\/oscar-villalon\/\" \/>\n<meta property=\"og:locale\" content=\"en_US\" \/>\n<meta property=\"og:type\" content=\"article\" \/>\n<meta property=\"og:title\" content=\"El pintor \u00d3scar Villal\u00f3n\" \/>\n<meta property=\"og:description\" content=\"El artista chileno\" \/>\n<meta property=\"og:url\" content=\"https:\/\/www.decintivillalon.com\/oscar-villalon\/\" \/>\n<meta property=\"og:site_name\" content=\"DeCinti Villal\u00f3n: Academia de Pintura en Madrid D V Madrid, Academia de Pintura de Madrid | \u00d3leo | Acuarela | Dibujo\" \/>\n<meta property=\"article:publisher\" content=\"https:\/\/www.facebook.com\/ADVMadrid\" \/>\n<meta property=\"article:modified_time\" content=\"2018-07-06T08:31:48+00:00\" \/>\n<meta property=\"og:image\" content=\"http:\/\/www.decintivillalon.com\/wp-content\/uploads\/2012\/01\/foto-300x300.jpg\" \/>\n<script type=\"application\/ld+json\" class=\"yoast-schema-graph\">{\"@context\":\"https:\/\/schema.org\",\"@graph\":[{\"@type\":\"Organization\",\"@id\":\"https:\/\/www.decintivillalon.com\/en\/#organization\",\"name\":\"DeCinti & Vilall\\u00f3n S.L.\",\"url\":\"https:\/\/www.decintivillalon.com\/en\/\",\"sameAs\":[\"https:\/\/www.facebook.com\/ADVMadrid\",\"https:\/\/www.youtube.com\/user\/artedv\"],\"logo\":{\"@type\":\"ImageObject\",\"@id\":\"https:\/\/www.decintivillalon.com\/en\/#logo\",\"inLanguage\":\"en-US\",\"url\":\"https:\/\/i0.wp.com\/www.decintivillalon.com\/wp-content\/uploads\/2014\/11\/1-logodv-0011.jpg?fit=80%2C80&ssl=1\",\"width\":80,\"height\":80,\"caption\":\"DeCinti & Vilall\\u00f3n S.L.\"},\"image\":{\"@id\":\"https:\/\/www.decintivillalon.com\/en\/#logo\"}},{\"@type\":\"WebSite\",\"@id\":\"https:\/\/www.decintivillalon.com\/en\/#website\",\"url\":\"https:\/\/www.decintivillalon.com\/en\/\",\"name\":\"DeCinti Villal\\u00f3n: Academia de Pintura en Madrid D V Madrid, Academia de Pintura de Madrid | \\u00d3leo | Acuarela | Dibujo\",\"description\":\"Curso nacional e internacional. Profesores expertos Academia de Pintura Especialistas en \\u00d3leo\",\"publisher\":{\"@id\":\"https:\/\/www.decintivillalon.com\/en\/#organization\"},\"potentialAction\":[{\"@type\":\"SearchAction\",\"target\":\"https:\/\/www.decintivillalon.com\/en\/?s={search_term_string}\",\"query-input\":\"required name=search_term_string\"}],\"inLanguage\":\"en-US\"},{\"@type\":\"ImageObject\",\"@id\":\"https:\/\/www.decintivillalon.com\/oscar-villalon\/#primaryimage\",\"inLanguage\":\"en-US\",\"url\":\"http:\/\/www.decintivillalon.com\/wp-content\/uploads\/2012\/01\/foto-300x300.jpg\"},{\"@type\":\"WebPage\",\"@id\":\"https:\/\/www.decintivillalon.com\/oscar-villalon\/#webpage\",\"url\":\"https:\/\/www.decintivillalon.com\/oscar-villalon\/\",\"name\":\"El pintor \\u00d3scar Villal\\u00f3n\",\"isPartOf\":{\"@id\":\"https:\/\/www.decintivillalon.com\/en\/#website\"},\"primaryImageOfPage\":{\"@id\":\"https:\/\/www.decintivillalon.com\/oscar-villalon\/#primaryimage\"},\"datePublished\":\"2012-01-07T20:46:19+00:00\",\"dateModified\":\"2018-07-06T08:31:48+00:00\",\"description\":\"El artista chileno\",\"breadcrumb\":{\"@id\":\"https:\/\/www.decintivillalon.com\/oscar-villalon\/#breadcrumb\"},\"inLanguage\":\"en-US\",\"potentialAction\":[{\"@type\":\"ReadAction\",\"target\":[\"https:\/\/www.decintivillalon.com\/oscar-villalon\/\"]}]},{\"@type\":\"BreadcrumbList\",\"@id\":\"https:\/\/www.decintivillalon.com\/oscar-villalon\/#breadcrumb\",\"itemListElement\":[{\"@type\":\"ListItem\",\"position\":1,\"item\":{\"@type\":\"WebPage\",\"@id\":\"https:\/\/www.decintivillalon.com\/\",\"url\":\"https:\/\/www.decintivillalon.com\/\",\"name\":\"Portada\"}},{\"@type\":\"ListItem\",\"position\":2,\"item\":{\"@type\":\"WebPage\",\"@id\":\"https:\/\/www.decintivillalon.com\/oscar-villalon\/\",\"url\":\"https:\/\/www.decintivillalon.com\/oscar-villalon\/\",\"name\":\"Villal\\u00f3n\"}}]}]}<\/script>\n<!-- \/ Yoast SEO Premium plugin. -->","jetpack_shortlink":"https:\/\/wp.me\/P3Hbis-c","jetpack_sharing_enabled":true,"_links":{"self":[{"href":"https:\/\/www.decintivillalon.com\/en\/wp-json\/wp\/v2\/pages\/12","targetHints":{"allow":["GET"]}}],"collection":[{"href":"https:\/\/www.decintivillalon.com\/en\/wp-json\/wp\/v2\/pages"}],"about":[{"href":"https:\/\/www.decintivillalon.com\/en\/wp-json\/wp\/v2\/types\/page"}],"author":[{"embeddable":true,"href":"https:\/\/www.decintivillalon.com\/en\/wp-json\/wp\/v2\/users\/1"}],"replies":[{"embeddable":true,"href":"https:\/\/www.decintivillalon.com\/en\/wp-json\/wp\/v2\/comments?post=12"}],"version-history":[{"count":0,"href":"https:\/\/www.decintivillalon.com\/en\/wp-json\/wp\/v2\/pages\/12\/revisions"}],"wp:attachment":[{"href":"https:\/\/www.decintivillalon.com\/en\/wp-json\/wp\/v2\/media?parent=12"}],"wp:term":[{"taxonomy":"yst_prominent_words","embeddable":true,"href":"https:\/\/www.decintivillalon.com\/en\/wp-json\/wp\/v2\/yst_prominent_words?post=12"}],"curies":[{"name":"wp","href":"https:\/\/api.w.org\/{rel}","templated":true}]}}