{"id":11764,"date":"2020-03-27T23:35:12","date_gmt":"2020-03-27T23:35:12","guid":{"rendered":"https:\/\/www.decintivillalon.com\/?page_id=11764"},"modified":"2025-04-16T08:06:47","modified_gmt":"2025-04-16T08:06:47","slug":"dv-online-curso-de-pintura-y-dibujo-artisitico-en-tu-casa","status":"publish","type":"page","link":"https:\/\/www.decintivillalon.com\/en\/dv-online-curso-de-pintura-y-dibujo-artisitico-en-tu-casa\/","title":{"rendered":"Academia online"},"content":{"rendered":"<h4 style=\"text-align: left;\">Profesores en directo, aprende desde tu hogar<\/h4>\n<p dir=\"ltr\">El <strong>m\u00e9todo DV<\/strong> une la tradici\u00f3n de la pintura art\u00edstica con las tecnolog\u00edas de vanguardia en clases grupales en l\u00ednea con profesores en directo. Con m\u00e1s de 25 a\u00f1os de experiencia acumulada y aplicada a la formaci\u00f3n a distancia.<\/p>\n<p dir=\"ltr\">A trav\u00e9s de nuestra aula virtual ingresar\u00e1s desde tu casa a un aut\u00e9ntico taller art\u00edstico donde pintar\u00e1s y ser\u00e1s corregido en directo. Apto para los niveles de <strong>iniciaci\u00f3n y avanzado<\/strong>.<\/p>\n<h4 dir=\"ltr\">\u00danicamente necesitas ganas de aprender<\/h4>\n<p dir=\"ltr\">La academia DV online\u00a0 te visita en tu hogar. Un exitoso m\u00e9todo de ense\u00f1anza a distancia, el m\u00e9todo DV.<\/p>\n<div style=\"width: 720px;\" class=\"wp-video\"><!--[if lt IE 9]><script>document.createElement('video');<\/script><![endif]-->\n<video class=\"wp-video-shortcode\" id=\"video-11764-1\" width=\"720\" height=\"408\" loop autoplay preload=\"metadata\" controls=\"controls\"><source type=\"video\/mp4\" src=\"https:\/\/www.decintivillalon.com\/wp-content\/uploads\/2020\/11\/117706820_173008247609793_3380055257776663519_n-1.mp4?_=1\" \/><a href=\"https:\/\/www.decintivillalon.com\/wp-content\/uploads\/2020\/11\/117706820_173008247609793_3380055257776663519_n-1.mp4\">https:\/\/www.decintivillalon.com\/wp-content\/uploads\/2020\/11\/117706820_173008247609793_3380055257776663519_n-1.mp4<\/a><\/video><\/div>\n<h6 dir=\"ltr\" style=\"text-align: center;\">Curso de acuarela online, con Liliana Giaquinto<\/h6>\n<h2 dir=\"ltr\">Sesiones y precios<\/h2>\n<h3>Sesiones<\/h3>\n<h4 style=\"padding-left: 40px;\">Curso ONLINE\u00a0 pintura al \u00f3leo y dibujo<\/h4>\n<p style=\"padding-left: 40px;\"><strong>Sesi\u00f3n Tarde (18:00 a 20:00 hrs.)<\/strong><br \/>\nMartes y jueves<\/p>\n<h4 style=\"padding-left: 40px;\">Curso ONLINE de acuarela<\/h4>\n<p style=\"padding-left: 40px;\">Inscripciones abiertas ( Profesor: Liliana Giaquinto)<\/p>\n<h3><a href=\"https:\/\/www.decintivillalon.com\/la-academia-de-pintura\/sesiones-y-precios\/\">Ver precios<\/a><\/h3>\n<p>&nbsp;<\/p>\n<p style=\"padding-left: 40px;\"><a href=\"https:\/\/www.paypal.me\/DVMadrid\"><img data-recalc-dims=\"1\" loading=\"lazy\" decoding=\"async\" data-attachment-id=\"11816\" data-permalink=\"https:\/\/www.decintivillalon.com\/en\/dv-online-curso-de-pintura-y-dibujo-artisitico-en-tu-casa\/0005707_paypalme-payment-method\/\" data-orig-file=\"https:\/\/i0.wp.com\/www.decintivillalon.com\/wp-content\/uploads\/2020\/03\/0005707_paypalme-payment-method.png?fit=1000%2C391&amp;ssl=1\" data-orig-size=\"1000,391\" data-comments-opened=\"0\" data-image-meta=\"{&quot;aperture&quot;:&quot;0&quot;,&quot;credit&quot;:&quot;&quot;,&quot;camera&quot;:&quot;&quot;,&quot;caption&quot;:&quot;&quot;,&quot;created_timestamp&quot;:&quot;0&quot;,&quot;copyright&quot;:&quot;&quot;,&quot;focal_length&quot;:&quot;0&quot;,&quot;iso&quot;:&quot;0&quot;,&quot;shutter_speed&quot;:&quot;0&quot;,&quot;title&quot;:&quot;&quot;,&quot;orientation&quot;:&quot;0&quot;}\" data-image-title=\"0005707_paypalme-payment-method\" data-image-description=\"\" data-image-caption=\"\" data-medium-file=\"https:\/\/i0.wp.com\/www.decintivillalon.com\/wp-content\/uploads\/2020\/03\/0005707_paypalme-payment-method.png?fit=300%2C117&amp;ssl=1\" data-large-file=\"https:\/\/i0.wp.com\/www.decintivillalon.com\/wp-content\/uploads\/2020\/03\/0005707_paypalme-payment-method.png?fit=1000%2C391&amp;ssl=1\" class=\"alignnone wp-image-11816\" src=\"https:\/\/i0.wp.com\/www.decintivillalon.com\/wp-content\/uploads\/2020\/03\/0005707_paypalme-payment-method.png?resize=286%2C112&#038;ssl=1\" alt=\"\" width=\"286\" height=\"112\" srcset=\"https:\/\/i0.wp.com\/www.decintivillalon.com\/wp-content\/uploads\/2020\/03\/0005707_paypalme-payment-method.png?w=1000&amp;ssl=1 1000w, https:\/\/i0.wp.com\/www.decintivillalon.com\/wp-content\/uploads\/2020\/03\/0005707_paypalme-payment-method.png?resize=300%2C117&amp;ssl=1 300w, https:\/\/i0.wp.com\/www.decintivillalon.com\/wp-content\/uploads\/2020\/03\/0005707_paypalme-payment-method.png?resize=768%2C300&amp;ssl=1 768w\" sizes=\"auto, (max-width: 286px) 100vw, 286px\" \/><br \/>\nRealiza tu pago seguro por PayPalMe<\/a><\/p>\n<p>&nbsp;<\/p>\n<p>&nbsp;<\/p>\n<h2><a href=\"https:\/\/shop.artedv.com\/\">Venta y env\u00edo de materiales nuevos<\/a><\/h2>\n<p>Disponemos de stock de materiales recomendados por la academia indispensables:<\/p>\n<ul>\n<li>Pinceles<\/li>\n<li>Medium<\/li>\n<li>Disolvente sin olor<\/li>\n<li>\u00d3leos<\/li>\n<li>Lienzos<\/li>\n<\/ul>\n<h3 style=\"text-align: center;\"><a href=\"https:\/\/shop.artedv.com\"><img data-recalc-dims=\"1\" loading=\"lazy\" decoding=\"async\" data-attachment-id=\"11850\" data-permalink=\"https:\/\/www.decintivillalon.com\/en\/dv-online-curso-de-pintura-y-dibujo-artisitico-en-tu-casa\/materiales\/\" data-orig-file=\"https:\/\/i0.wp.com\/www.decintivillalon.com\/wp-content\/uploads\/2020\/03\/materiales.jpg?fit=1100%2C612&amp;ssl=1\" data-orig-size=\"1100,612\" data-comments-opened=\"0\" data-image-meta=\"{&quot;aperture&quot;:&quot;0&quot;,&quot;credit&quot;:&quot;&quot;,&quot;camera&quot;:&quot;&quot;,&quot;caption&quot;:&quot;&quot;,&quot;created_timestamp&quot;:&quot;0&quot;,&quot;copyright&quot;:&quot;&quot;,&quot;focal_length&quot;:&quot;0&quot;,&quot;iso&quot;:&quot;0&quot;,&quot;shutter_speed&quot;:&quot;0&quot;,&quot;title&quot;:&quot;&quot;,&quot;orientation&quot;:&quot;0&quot;}\" data-image-title=\"materiales\" data-image-description=\"\" data-image-caption=\"\" data-medium-file=\"https:\/\/i0.wp.com\/www.decintivillalon.com\/wp-content\/uploads\/2020\/03\/materiales.jpg?fit=300%2C167&amp;ssl=1\" data-large-file=\"https:\/\/i0.wp.com\/www.decintivillalon.com\/wp-content\/uploads\/2020\/03\/materiales.jpg?fit=1024%2C570&amp;ssl=1\" class=\"wp-image-11850 aligncenter\" src=\"https:\/\/i0.wp.com\/www.decintivillalon.com\/wp-content\/uploads\/2020\/03\/materiales.jpg?resize=548%2C305&#038;ssl=1\" alt=\"\" width=\"548\" height=\"305\" srcset=\"https:\/\/i0.wp.com\/www.decintivillalon.com\/wp-content\/uploads\/2020\/03\/materiales.jpg?resize=1024%2C570&amp;ssl=1 1024w, https:\/\/i0.wp.com\/www.decintivillalon.com\/wp-content\/uploads\/2020\/03\/materiales.jpg?resize=300%2C167&amp;ssl=1 300w, https:\/\/i0.wp.com\/www.decintivillalon.com\/wp-content\/uploads\/2020\/03\/materiales.jpg?resize=768%2C427&amp;ssl=1 768w, https:\/\/i0.wp.com\/www.decintivillalon.com\/wp-content\/uploads\/2020\/03\/materiales.jpg?w=1100&amp;ssl=1 1100w\" sizes=\"auto, (max-width: 548px) 100vw, 548px\" \/><br \/>\n<\/a><\/h3>\n<p>Esperamos garantizar que tu trabajo en casa se desarrolle sin inconvenientes.<br \/>\nSimplemente escr\u00edbenos solicitando todos los materiales que desees y te coordinamos un env\u00edo por mensajer\u00eda a tu casa.<\/p>\n<h3 style=\"text-align: left;\">Aula virtual: formaci\u00f3n continua a distancia en directo con artistas<\/h3>\n<p style=\"text-align: left;\">El m\u00e9todo DV consiste en la combinaci\u00f3n de clases presenciales a distancia con material virtual que te permitir\u00e1 comprender desde diferentes punto de vista los conceptos esenciales y avanzados de la pintura al \u00f3leo, acuarela y dibujo art\u00edstico.<\/p>\n<h3 style=\"text-align: left;\"><a href=\"http:\/\/blog.decintivillalon.com\/category\/aula-virtual\/\" target=\"_blank\" rel=\"noopener noreferrer\">Blog<\/a><a href=\"http:\/\/blog.decintivillalon.com\/category\/aula-virtual\/\" target=\"_blank\" rel=\"noopener noreferrer\"> Aula<\/a><a href=\"http:\/\/blog.decintivillalon.com\/category\/aula-virtual\/\" target=\"_blank\" rel=\"noopener noreferrer\"> Virtual<\/a><\/h3>\n<p style=\"text-align: left;\">V\u00eddeos recomendados tutoriales y blogs. Os enviaremos peri\u00f3dicamente a vuestro e-mail tutoriales te\u00f3ricos y pr\u00e1cticos que esperamos os ayuden a comprender mejor todos los aspectos del arte de la pintura. No olvi\u00e9is adem\u00e1s que contamos con un blog con muchas informaci\u00f3n interesante <a href=\"https:\/\/decintivillalon.us20.list-manage.com\/track\/click?u=9515f33f20c781f5fb1553ee3&amp;id=552d97b9fd&amp;e=fa75fe7439\" target=\"_blank\" rel=\"noopener noreferrer\" data-saferedirecturl=\"https:\/\/www.google.com\/url?q=https:\/\/decintivillalon.us20.list-manage.com\/track\/click?u%3D9515f33f20c781f5fb1553ee3%26id%3D552d97b9fd%26e%3Dfa75fe7439&amp;source=gmail&amp;ust=1585675845782000&amp;usg=AFQjCNGyj0z6qT1OfOazZ2-MxKNAv8UfFA\">http:\/\/blog.decintivillalon.<wbr \/>com\/<\/a><\/p>\n<p style=\"text-align: left;\"><a href=\"http:\/\/blog.decintivillalon.com\/aula-virtual-2-rembrandt-maestro-del-claroscuro\/\" target=\"_blank\" rel=\"noopener noreferrer\"><img data-recalc-dims=\"1\" loading=\"lazy\" decoding=\"async\" data-attachment-id=\"11864\" data-permalink=\"https:\/\/www.decintivillalon.com\/en\/dv-online-curso-de-pintura-y-dibujo-artisitico-en-tu-casa\/captura-5\/\" data-orig-file=\"https:\/\/i0.wp.com\/www.decintivillalon.com\/wp-content\/uploads\/2020\/03\/Captura-e1585592094171.jpg?fit=546%2C317&amp;ssl=1\" data-orig-size=\"546,317\" data-comments-opened=\"0\" data-image-meta=\"{&quot;aperture&quot;:&quot;0&quot;,&quot;credit&quot;:&quot;decinti&quot;,&quot;camera&quot;:&quot;&quot;,&quot;caption&quot;:&quot;&quot;,&quot;created_timestamp&quot;:&quot;1585570552&quot;,&quot;copyright&quot;:&quot;&quot;,&quot;focal_length&quot;:&quot;0&quot;,&quot;iso&quot;:&quot;0&quot;,&quot;shutter_speed&quot;:&quot;0&quot;,&quot;title&quot;:&quot;&quot;,&quot;orientation&quot;:&quot;0&quot;}\" data-image-title=\"Captura\" data-image-description=\"\" data-image-caption=\"\" data-medium-file=\"https:\/\/i0.wp.com\/www.decintivillalon.com\/wp-content\/uploads\/2020\/03\/Captura-e1585592094171.jpg?fit=300%2C174&amp;ssl=1\" data-large-file=\"https:\/\/i0.wp.com\/www.decintivillalon.com\/wp-content\/uploads\/2020\/03\/Captura-e1585592094171.jpg?fit=546%2C317&amp;ssl=1\" class=\"aligncenter wp-image-11864 size-full\" src=\"https:\/\/i0.wp.com\/www.decintivillalon.com\/wp-content\/uploads\/2020\/03\/Captura-e1585592094171.jpg?resize=546%2C317&#038;ssl=1\" alt=\"\" width=\"546\" height=\"317\" srcset=\"https:\/\/i0.wp.com\/www.decintivillalon.com\/wp-content\/uploads\/2020\/03\/Captura-e1585592094171.jpg?w=546&amp;ssl=1 546w, https:\/\/i0.wp.com\/www.decintivillalon.com\/wp-content\/uploads\/2020\/03\/Captura-e1585592094171.jpg?resize=300%2C174&amp;ssl=1 300w\" sizes=\"auto, (max-width: 546px) 100vw, 546px\" \/><\/a><\/p>\n<p style=\"text-align: center;\"><a href=\"http:\/\/blog.decintivillalon.com\/aula-virtual-2-rembrandt-maestro-del-claroscuro\/\"><strong>V\u00eddeo recomendado 1: <\/strong>Caravaggio o el origen del realismo<\/a><\/p>\n","protected":false},"excerpt":{"rendered":"<p>Profesores en directo, aprende desde tu hogar El m\u00e9todo DV une la tradici\u00f3n de la pintura art\u00edstica con las tecnolog\u00edas de vanguardia en clases grupales en l\u00ednea con profesores en directo. Con m\u00e1s de 25 a\u00f1os de experiencia acumulada y aplicada a la formaci\u00f3n a distancia. A trav\u00e9s de nuestra aula virtual ingresar\u00e1s desde tu [&#8230;]<\/p>\n","protected":false},"author":1,"featured_media":11858,"parent":0,"menu_order":0,"comment_status":"closed","ping_status":"closed","template":"page.alpha.php","meta":{"_acf_changed":false,"footnotes":""},"yst_prominent_words":[60,2128,2127,1125,53,2154,2146,1780,2153,205,2152,2145,2133,46,37,2160,2159,2129],"class_list":["post-11764","page","type-page","status-publish","has-post-thumbnail","hentry"],"acf":[],"yoast_head":"<!-- This site is optimized with the Yoast SEO Premium plugin v14.1 - https:\/\/yoast.com\/wordpress\/plugins\/seo\/ -->\n<meta name=\"description\" content=\"Aprende online. C\u00f3modos horarios y precios desde casa. Profesores artistas con m\u00e1s de 25 a\u00f1os de experiencia en la ense\u00f1ananza.\" \/>\n<meta name=\"robots\" content=\"index, follow\" \/>\n<meta name=\"googlebot\" content=\"index, follow, max-snippet:-1, max-image-preview:large, max-video-preview:-1\" \/>\n<meta name=\"bingbot\" content=\"index, follow, max-snippet:-1, max-image-preview:large, max-video-preview:-1\" \/>\n<link rel=\"canonical\" href=\"https:\/\/www.decintivillalon.com\/dv-online-curso-de-pintura-y-dibujo-artisitico-en-tu-casa\/\" \/>\n<meta property=\"og:locale\" content=\"en_US\" \/>\n<meta property=\"og:type\" content=\"article\" \/>\n<meta property=\"og:title\" content=\"Academia online | DeCinti Villal\u00f3n: Academia de Pintura en Madrid D V Madrid, Academia de Pintura de Madrid | \u00d3leo | Acuarela | Dibujo\" \/>\n<meta property=\"og:description\" content=\"Aprende online. C\u00f3modos horarios y precios desde casa. Profesores artistas con m\u00e1s de 25 a\u00f1os de experiencia en la ense\u00f1ananza.\" \/>\n<meta property=\"og:url\" content=\"https:\/\/www.decintivillalon.com\/dv-online-curso-de-pintura-y-dibujo-artisitico-en-tu-casa\/\" \/>\n<meta property=\"og:site_name\" content=\"DeCinti Villal\u00f3n: Academia de Pintura en Madrid D V Madrid, Academia de Pintura de Madrid | \u00d3leo | Acuarela | Dibujo\" \/>\n<meta property=\"article:publisher\" content=\"https:\/\/www.facebook.com\/ADVMadrid\" \/>\n<meta property=\"article:modified_time\" content=\"2025-04-16T08:06:47+00:00\" \/>\n<meta property=\"og:image\" content=\"https:\/\/i0.wp.com\/www.decintivillalon.com\/wp-content\/uploads\/2020\/03\/4248_logo_logodv_copy.jpg?fit=200%2C268&#038;ssl=1\" \/>\n\t<meta property=\"og:image:width\" content=\"200\" \/>\n\t<meta property=\"og:image:height\" content=\"268\" \/>\n<script type=\"application\/ld+json\" class=\"yoast-schema-graph\">{\"@context\":\"https:\/\/schema.org\",\"@graph\":[{\"@type\":\"Organization\",\"@id\":\"https:\/\/www.decintivillalon.com\/en\/#organization\",\"name\":\"DeCinti & Vilall\\u00f3n S.L.\",\"url\":\"https:\/\/www.decintivillalon.com\/en\/\",\"sameAs\":[\"https:\/\/www.facebook.com\/ADVMadrid\",\"https:\/\/www.youtube.com\/user\/artedv\"],\"logo\":{\"@type\":\"ImageObject\",\"@id\":\"https:\/\/www.decintivillalon.com\/en\/#logo\",\"inLanguage\":\"en-US\",\"url\":\"https:\/\/i0.wp.com\/www.decintivillalon.com\/wp-content\/uploads\/2014\/11\/1-logodv-0011.jpg?fit=80%2C80&ssl=1\",\"width\":80,\"height\":80,\"caption\":\"DeCinti & Vilall\\u00f3n S.L.\"},\"image\":{\"@id\":\"https:\/\/www.decintivillalon.com\/en\/#logo\"}},{\"@type\":\"WebSite\",\"@id\":\"https:\/\/www.decintivillalon.com\/en\/#website\",\"url\":\"https:\/\/www.decintivillalon.com\/en\/\",\"name\":\"DeCinti Villal\\u00f3n: Academia de Pintura en Madrid D V Madrid, Academia de Pintura de Madrid | \\u00d3leo | Acuarela | Dibujo\",\"description\":\"Curso nacional e internacional. Profesores expertos Academia de Pintura Especialistas en \\u00d3leo\",\"publisher\":{\"@id\":\"https:\/\/www.decintivillalon.com\/en\/#organization\"},\"potentialAction\":[{\"@type\":\"SearchAction\",\"target\":\"https:\/\/www.decintivillalon.com\/en\/?s={search_term_string}\",\"query-input\":\"required name=search_term_string\"}],\"inLanguage\":\"en-US\"},{\"@type\":\"ImageObject\",\"@id\":\"https:\/\/www.decintivillalon.com\/dv-online-curso-de-pintura-y-dibujo-artisitico-en-tu-casa\/#primaryimage\",\"inLanguage\":\"en-US\",\"url\":\"https:\/\/i0.wp.com\/www.decintivillalon.com\/wp-content\/uploads\/2020\/03\/4248_logo_logodv_copy.jpg?fit=200%2C268&ssl=1\",\"width\":200,\"height\":268},{\"@type\":\"WebPage\",\"@id\":\"https:\/\/www.decintivillalon.com\/dv-online-curso-de-pintura-y-dibujo-artisitico-en-tu-casa\/#webpage\",\"url\":\"https:\/\/www.decintivillalon.com\/dv-online-curso-de-pintura-y-dibujo-artisitico-en-tu-casa\/\",\"name\":\"Academia online | DeCinti Villal\\u00f3n: Academia de Pintura en Madrid D V Madrid, Academia de Pintura de Madrid | \\u00d3leo | Acuarela | Dibujo\",\"isPartOf\":{\"@id\":\"https:\/\/www.decintivillalon.com\/en\/#website\"},\"primaryImageOfPage\":{\"@id\":\"https:\/\/www.decintivillalon.com\/dv-online-curso-de-pintura-y-dibujo-artisitico-en-tu-casa\/#primaryimage\"},\"datePublished\":\"2020-03-27T23:35:12+00:00\",\"dateModified\":\"2025-04-16T08:06:47+00:00\",\"description\":\"Aprende online. C\\u00f3modos horarios y precios desde casa. Profesores artistas con m\\u00e1s de 25 a\\u00f1os de experiencia en la ense\\u00f1ananza.\",\"breadcrumb\":{\"@id\":\"https:\/\/www.decintivillalon.com\/dv-online-curso-de-pintura-y-dibujo-artisitico-en-tu-casa\/#breadcrumb\"},\"inLanguage\":\"en-US\",\"potentialAction\":[{\"@type\":\"ReadAction\",\"target\":[\"https:\/\/www.decintivillalon.com\/dv-online-curso-de-pintura-y-dibujo-artisitico-en-tu-casa\/\"]}]},{\"@type\":\"BreadcrumbList\",\"@id\":\"https:\/\/www.decintivillalon.com\/dv-online-curso-de-pintura-y-dibujo-artisitico-en-tu-casa\/#breadcrumb\",\"itemListElement\":[{\"@type\":\"ListItem\",\"position\":1,\"item\":{\"@type\":\"WebPage\",\"@id\":\"https:\/\/www.decintivillalon.com\/\",\"url\":\"https:\/\/www.decintivillalon.com\/\",\"name\":\"Portada\"}},{\"@type\":\"ListItem\",\"position\":2,\"item\":{\"@type\":\"WebPage\",\"@id\":\"https:\/\/www.decintivillalon.com\/dv-online-curso-de-pintura-y-dibujo-artisitico-en-tu-casa\/\",\"url\":\"https:\/\/www.decintivillalon.com\/dv-online-curso-de-pintura-y-dibujo-artisitico-en-tu-casa\/\",\"name\":\"Academia online\"}}]}]}<\/script>\n<!-- \/ Yoast SEO Premium plugin. -->","jetpack_shortlink":"https:\/\/wp.me\/P3Hbis-33K","jetpack_sharing_enabled":true,"_links":{"self":[{"href":"https:\/\/www.decintivillalon.com\/en\/wp-json\/wp\/v2\/pages\/11764","targetHints":{"allow":["GET"]}}],"collection":[{"href":"https:\/\/www.decintivillalon.com\/en\/wp-json\/wp\/v2\/pages"}],"about":[{"href":"https:\/\/www.decintivillalon.com\/en\/wp-json\/wp\/v2\/types\/page"}],"author":[{"embeddable":true,"href":"https:\/\/www.decintivillalon.com\/en\/wp-json\/wp\/v2\/users\/1"}],"replies":[{"embeddable":true,"href":"https:\/\/www.decintivillalon.com\/en\/wp-json\/wp\/v2\/comments?post=11764"}],"version-history":[{"count":161,"href":"https:\/\/www.decintivillalon.com\/en\/wp-json\/wp\/v2\/pages\/11764\/revisions"}],"predecessor-version":[{"id":20408,"href":"https:\/\/www.decintivillalon.com\/en\/wp-json\/wp\/v2\/pages\/11764\/revisions\/20408"}],"wp:featuredmedia":[{"embeddable":true,"href":"https:\/\/www.decintivillalon.com\/en\/wp-json\/wp\/v2\/media\/11858"}],"wp:attachment":[{"href":"https:\/\/www.decintivillalon.com\/en\/wp-json\/wp\/v2\/media?parent=11764"}],"wp:term":[{"taxonomy":"yst_prominent_words","embeddable":true,"href":"https:\/\/www.decintivillalon.com\/en\/wp-json\/wp\/v2\/yst_prominent_words?post=11764"}],"curies":[{"name":"wp","href":"https:\/\/api.w.org\/{rel}","templated":true}]}}